{"id":1613,"date":"2025-03-19T20:30:05","date_gmt":"2025-03-19T19:30:05","guid":{"rendered":"http:\/\/sintegration.pl\/?post_type=product&#038;p=1613"},"modified":"2025-12-01T16:05:30","modified_gmt":"2025-12-01T15:05:30","slug":"marka-osobista-inzyniera","status":"publish","type":"product","link":"https:\/\/sintegration.pl\/en\/produkt\/marka-osobista-inzyniera\/","title":{"rendered":"Marka osobista in\u017cyniera"},"content":{"rendered":"<p>Najni\u017csza cena z ostatnich 30 dni: 119 z\u0142<\/p>\n<h2 class=\"tutor-fs-5 tutor-fw-bold tutor-color-black tutor-mb-12\">O kursie<\/h2>\n<div class=\"tutor-fs-6 tutor-color-secondary\">\n<p>Marka osobista in\u017cyniera. Czyli zarabiaj wi\u0119cej!<\/p>\n<p>Sprzedajesz siebie w ka\u017cdej chwili swojego \u017cycia, czy tego chcesz, czy nie. Z siln\u0105 mark\u0105 osobist\u0105 jest znacznie \u0142atwiej robi\u0107 karier\u0119, awansowa\u0107 i zarabia\u0107 wi\u0119cej pieni\u0119dzy. Ju\u017c Ci t\u0142umacz\u0119 dlaczego\u2026<\/p>\n<p>Komercyjnie zrealizowa\u0142em prac\u0119 in\u017cyniersk\u0105 i magistersk\u0105, zarabiaj\u0105c na nich odpowiednio 7 i 50 tysi\u0119cy z\u0142otych. Ko\u0144cz\u0105c studia, mia\u0142em 3 lata do\u015bwiadczenia, jako programista PLC. Za\u0142o\u017cy\u0142em firm\u0119 S Integration (bran\u017ca automatyki przemys\u0142owej i programowania sterownik\u00f3w PLC) dzie\u0144 przed obron\u0105 pracy magisterskiej, a miesi\u0105c p\u00f3\u017aniej za\u0142o\u017cy\u0142em S University (szko\u0142a korepetycji). Ju\u017c od pierwszego miesi\u0105ca zaraz po studiach zacz\u0105\u0142em zarabia\u0107 5-cyfrowe kwoty. Maj\u0105c 24 lata wskoczy\u0142em do kilku procent najlepiej zarabiaj\u0105cych Polskich Automatyk\u00f3w. Przez rok pe\u0142ni\u0142em go\u015bcinnie funkcj\u0119 Dyrektora handlowego w bran\u017cy zdrowotnej. W 2024 roku udzieli\u0142em wywiadu dla renomowanego portalu bran\u017cowego iAutomatyka (<a href=\"https:\/\/www.youtube.com\/watch?v=K-vE5OAucCk&amp;t=1344s\" target=\"_blank\" rel=\"noreferrer noopener\">Link do wywiadu na YouTube<\/a>). Do tej pory zrealizowa\u0142em projekty w przemy\u015ble dla takich firm, jak Mercedes-Benz, Opel, Skoda, Tesla, pracuj\u0105c w Polsce, Niemczech, Czechach i na W\u0119grzech. Tyle mo\u017cna by powiedzie\u0107 w du\u017cym skr\u00f3cie.<\/p>\n<p>Gdzie tkwi sekret takiej szybkiej kariery? W marce osobistej i umiej\u0119tno\u015bci sprzeda\u017cy siebie. Zapraszam na szkolenie.<\/p>\n<p>Prowadz\u0105cy szkolenie: Szymon Klepacz \u2013 Automatyk, Programista PLC, Konsultant, Szkoleniowiec, Przedsi\u0119biorca, Absolwent Politechniki \u015al\u0105skiej na kierunku Automatyka i Robotyka, W\u0142a\u015bciciel S Integration i Wsp\u00f3\u0142za\u0142o\u017cyciel S University.<\/p>\n<div style=\"position: relative; padding-bottom: 66.67%; height: 0; overflow: hidden; max-width: 100%;\"><iframe style=\"position: absolute; top: 0; left: 0; width: 100%; height: 100%;\" src=\"https:\/\/www.youtube.com\/embed\/lc8itydRUvE?si=KWctV5sW15SVdhHd\" frameborder=\"0\" allowfullscreen=\"allowfullscreen\" data-mce-fragment=\"1\"><\/iframe><\/div>\n<\/div>","protected":false},"excerpt":{"rendered":"<h3 class=\"tutor-course-details-widget-title tutor-fs-5 tutor-fw-bold tutor-color-black tutor-mb-16\">Czego si\u0119 nauczysz?<\/h3>\n<p>Z tego szkolenia dowiesz si\u0119 czym jest marka osobista in\u017cyniera, jak przek\u0142ada si\u0119 ona na rozw\u00f3j kariery, zwi\u0119kszenie zarobk\u00f3w, awanse i jakim zagadnieniom powiniene\u015b po\u015bwi\u0119ci\u0107 wi\u0119cej uwagi. Poznasz konkretne sposoby budowania swojej marki osobistej z om\u00f3wieniem przyk\u0142ad\u00f3w. Marka osobista in\u017cyniera to nieoczywiste zagadnienie, kt\u00f3rego wiele os\u00f3b jest nie\u015bwiadoma, a kt\u00f3re odr\u00f3\u017cnia \u015bwietnie zarabiaj\u0105cego in\u017cyniera od in\u017cyniera zarabiaj\u0105cego przeci\u0119tnie. I tym decyduj\u0105cym czynnikiem wcale nie s\u0105 umiej\u0119tno\u015bci techniczne.<\/p>\n<h3 class=\"tutor-course-details-widget-title tutor-fs-5 tutor-color-black tutor-fw-bold tutor-mb-16\">Grupa odbiorc\u00f3w<\/h3>\n<p>Studenci kierunk\u00f3w in\u017cynierskich, in\u017cynierowie i technicy.<\/p>\n<h3 class=\"tutor-course-details-widget-title tutor-fs-5 tutor-color-black tutor-fw-bold tutor-mb-16\">BONUS -100 z\u0142 na nauk\u0119 j\u0119zyk\u00f3w obcych w Instytucie Lingwistyki<\/h3>\n<p>Rabat -100 z\u0142 na pojedynczy kurs j\u0119zyka obcego lub pakiet dw\u00f3ch kurs\u00f3w dla ka\u017cdego kursanta w Instytucie Lingwistyki Macieja Wieczorka. Link uprawniaj\u0105cy do zni\u017cki znajduje si\u0119 w ostatniej lekcji i jest dost\u0119pny po zapisaniu si\u0119 na szkolenie.<\/p>\n<h3 class=\"tutor-course-details-widget-title tutor-fs-5 tutor-color-black tutor-fw-bold tutor-mb-16\">Agenda szkolenia<\/h3>\n<ol>\n<li>Lekcja 1 &#8211; Wprowadzenie i tematyka szkolenia<\/li>\n<li>Lekcja 2 &#8211; Jakie korzy\u015bci daje in\u017cynierowi silna marka osobista?<\/li>\n<li>Lekcja 3 &#8211; Co to jest marka osobista?<\/li>\n<li>Lekcja 4 &#8211; Sprzedawanie siebie &#8211; wst\u0119p do marki osobistej<\/li>\n<li>Lekcja 5 &#8211; Jak zacz\u0105\u0107 budowa\u0107 mark\u0119 osobist\u0105?<\/li>\n<li>Lekcja 6 &#8211; Techniczne kompetencje, wykszta\u0142cenie i do\u015bwiadczenie<\/li>\n<li>Lekcja 7 &#8211; Rzetelno\u015b\u0107, profesjonalizm i komunikatywno\u015b\u0107<\/li>\n<li>Lekcja 8 &#8211; Wizerunek, wygl\u0105d zewn\u0119trzny, mowa cia\u0142a i gestykulacja<\/li>\n<li>Lekcja 9 &#8211; Umiej\u0119tno\u015bci mi\u0119kkie &#8211; pewno\u015b\u0107 siebie i dogadywanie si\u0119 z lud\u017ami<\/li>\n<li>Lekcja 10 &#8211; Reputacja &#8211; czyli inni buduj\u0105 swoje zdanie na Tw\u00f3j temat<\/li>\n<li>Lekcja 11 &#8211; CV i Portfolio in\u017cyniera &#8211; szata graficzna i autoprezentacja<\/li>\n<li>Lekcja 12 &#8211; CV i Portfolio in\u017cyniera &#8211; przyk\u0142ady z om\u00f3wieniem<\/li>\n<li>Lekcja 13 &#8211; CV i Portfolio in\u017cyniera &#8211; najcz\u0119stsze b\u0142\u0119dy<\/li>\n<li>Lekcja 14 &#8211; CV studenta bez do\u015bwiadczenia<\/li>\n<li>Lekcja 15 &#8211; Media spo\u0142eczno\u015bciowe &#8211; poka\u017c si\u0119 i daj si\u0119 znale\u017a\u0107<\/li>\n<li>Lekcja 16 &#8211; Konkretne sposoby budowania marki osobistej<\/li>\n<\/ol>\n<h3 class=\"tutor-course-details-widget-title tutor-fs-5 tutor-color-black tutor-fw-bold tutor-mb-16\">Moja historia &#8211; wywiad dla iAutomatyka.pl<\/h3>\n<div style=\"position: relative; padding-bottom: 66.67%; height: 0; overflow: hidden; max-width: 100%;\"><iframe style=\"position: absolute; top: 0; left: 0; width: 100%; height: 100%;\" src=\"https:\/\/www.youtube.com\/embed\/K-vE5OAucCk?si=JLzY2rTRI6hfs_7x\" frameborder=\"0\" allowfullscreen=\"allowfullscreen\"><\/iframe><\/div>\n<p>&nbsp;<\/p>","protected":false},"featured_media":1478,"comment_status":"open","ping_status":"closed","template":"","meta":[],"product_brand":[],"product_cat":[32],"product_tag":[],"class_list":{"0":"post-1613","1":"product","2":"type-product","3":"status-publish","4":"has-post-thumbnail","6":"product_cat-marka-osobista-i-kariera-inzyniera","8":"first","9":"instock","10":"sold-individually","11":"shipping-taxable","12":"purchasable","13":"product-type-simple"},"_links":{"self":[{"href":"https:\/\/sintegration.pl\/en\/wp-json\/wp\/v2\/product\/1613","targetHints":{"allow":["GET"]}}],"collection":[{"href":"https:\/\/sintegration.pl\/en\/wp-json\/wp\/v2\/product"}],"about":[{"href":"https:\/\/sintegration.pl\/en\/wp-json\/wp\/v2\/types\/product"}],"replies":[{"embeddable":true,"href":"https:\/\/sintegration.pl\/en\/wp-json\/wp\/v2\/comments?post=1613"}],"wp:featuredmedia":[{"embeddable":true,"href":"https:\/\/sintegration.pl\/en\/wp-json\/wp\/v2\/media\/1478"}],"wp:attachment":[{"href":"https:\/\/sintegration.pl\/en\/wp-json\/wp\/v2\/media?parent=1613"}],"wp:term":[{"taxonomy":"product_brand","embeddable":true,"href":"https:\/\/sintegration.pl\/en\/wp-json\/wp\/v2\/product_brand?post=1613"},{"taxonomy":"product_cat","embeddable":true,"href":"https:\/\/sintegration.pl\/en\/wp-json\/wp\/v2\/product_cat?post=1613"},{"taxonomy":"product_tag","embeddable":true,"href":"https:\/\/sintegration.pl\/en\/wp-json\/wp\/v2\/product_tag?post=1613"}],"curies":[{"name":"wp","href":"https:\/\/api.w.org\/{rel}","templated":true}]}}