{"id":1611,"date":"2025-03-19T20:30:52","date_gmt":"2025-03-19T19:30:52","guid":{"rendered":"http:\/\/sintegration.pl\/?post_type=product&#038;p=1611"},"modified":"2025-12-01T16:05:30","modified_gmt":"2025-12-01T15:05:30","slug":"zawod-automatyk","status":"publish","type":"product","link":"https:\/\/sintegration.pl\/en\/produkt\/zawod-automatyk\/","title":{"rendered":"Zaw\u00f3d Automatyk"},"content":{"rendered":"<p>Najni\u017csza cena z ostatnich 30 dni: 49 z\u0142<\/p>\n<h2 class=\"tutor-fs-5 tutor-fw-bold tutor-color-black tutor-mb-12\">O kursie<\/h2>\n<div class=\"tutor-fs-6 tutor-color-secondary\">\n<p>Zastanawiasz si\u0119 nad wyborem zawodu Automatyka, a nie wiesz jak wygl\u0105daj\u0105 realia w tej bran\u017cy?<\/p>\n<p>\u015awietnie trafi\u0142e\u015b! To szkolenie powsta\u0142o z my\u015bl\u0105 o uczniach, studentach i osobach, kt\u00f3re rozwa\u017caj\u0105 podj\u0119cie pracy, jako Automatyk. Zarobki, obowi\u0105zki Automatyka, realia bran\u017cy automatyki przemys\u0142owej, najlepiej p\u0142atne kompetencje, mo\u017cliwo\u015bci zatrudnienia, wymagane wykszta\u0142cenie, kierunki studi\u00f3w i technikum, istotne szkolenia i certyfikaty \u2013 to wszystko om\u00f3wione w pigu\u0142ce i zawarte w tym szkoleniu online.<\/p>\n<p>Prowadz\u0105cy szkolenie:<br \/>\nSzymon Klepacz \u2013 Automatyk i Programista PLC, kt\u00f3ry przeszed\u0142 w b\u0142yskawicznym tempie drog\u0119 od pocz\u0105tkuj\u0105cego Automatyka zarabiaj\u0105cego najni\u017csz\u0105 krajow\u0105 do jednego z najlepiej op\u0142acanych Polskich Automatyk\u00f3w. Konsultant, Szkoleniowiec, Przedsi\u0119biorca, Absolwent Politechniki \u015al\u0105skiej na kierunku Automatyka i Robotyka, W\u0142a\u015bciciel S Integration i Wsp\u00f3\u0142za\u0142o\u017cyciel S University. W bardzo m\u0142odym wieku zrealizowane projekty dla takich firm, jak Mercedes-Benz, Tesla, Opel i Skoda.<\/p>\n<div style=\"position: relative; padding-bottom: 66.67%; height: 0; overflow: hidden; max-width: 100%;\"><iframe style=\"position: absolute; top: 0; left: 0; width: 100%; height: 100%;\" src=\"https:\/\/www.youtube.com\/embed\/2jQTeIrDKR4?si=qpvuf7JqVfYShtmK\" frameborder=\"0\" allowfullscreen=\"allowfullscreen\"><\/iframe><\/div>\n<\/div>","protected":false},"excerpt":{"rendered":"<h3 class=\"tutor-course-details-widget-title tutor-fs-5 tutor-fw-bold tutor-color-black tutor-mb-16\">Czego si\u0119 nauczysz?<\/h3>\n<p>Z tego szkolenia dowiesz si\u0119 jak wygl\u0105daj\u0105 w rzeczywisto\u015bci zarobki Automatyk\u00f3w w zale\u017cno\u015bci od specjalizacji, jakie s\u0105 najlepiej p\u0142atne kompetencje, jak wygl\u0105da praca Automatyka, jakie jest wymagane wykszta\u0142cenie, dla kogo ten zaw\u00f3d jest dobrym wyborem oraz wskazanie jak zacz\u0105\u0107 z przyk\u0142adowymi \u015bcie\u017ckami rozwoju.<\/p>\n<h3 class=\"tutor-course-details-widget-title tutor-fs-5 tutor-color-black tutor-fw-bold tutor-mb-16\">Grupa odbiorc\u00f3w<\/h3>\n<p>Uczniowie, studenci i osoby, kt\u00f3re rozwa\u017caj\u0105 podj\u0119cie pracy, jako Automatyk.<\/p>\n<h3 class=\"tutor-course-details-widget-title tutor-fs-5 tutor-color-black tutor-fw-bold tutor-mb-16\">BONUS -100 z\u0142 na nauk\u0119 j\u0119zyk\u00f3w obcych w Instytucie Lingwistyki<\/h3>\n<p>Rabat -100 z\u0142 na pojedynczy kurs j\u0119zyka obcego lub pakiet dw\u00f3ch kurs\u00f3w dla ka\u017cdego kursanta w Instytucie Lingwistyki Macieja Wieczorka. Link uprawniaj\u0105cy do zni\u017cki znajduje si\u0119 w ostatniej lekcji i jest dost\u0119pny po zapisaniu si\u0119 na szkolenie.<\/p>\n<h3 class=\"tutor-course-details-widget-title tutor-fs-5 tutor-color-black tutor-fw-bold tutor-mb-16\">Agenda szkolenia<\/h3>\n<ol>\n<li>Lekcja 1 &#8211; Wprowadzenie i tematyka szkolenia<\/li>\n<li>Lekcja 2 &#8211; Zarobki Automatyk\u00f3w<\/li>\n<li>Lekcja 3 &#8211; Na czym polega praca Automatyka?<\/li>\n<li>Lekcja 4 &#8211; Najlepiej p\u0142atne kompetencje<\/li>\n<li>Lekcja 5 &#8211; Wykszta\u0142cenie Automatyk\u00f3w<\/li>\n<li>Lekcja 6 &#8211; Dla kogo jest ten zaw\u00f3d?<\/li>\n<li>Lekcja 7 &#8211; Jak zacz\u0105\u0107? \u015acie\u017cki rozwoju<\/li>\n<\/ol>\n<h3 class=\"tutor-course-details-widget-title tutor-fs-5 tutor-color-black tutor-fw-bold tutor-mb-16\">Moja historia &#8211; wywiad dla iAutomatyka.pl<\/h3>\n<div style=\"position: relative; padding-bottom: 66.67%; height: 0; overflow: hidden; max-width: 100%;\"><iframe style=\"position: absolute; top: 0; left: 0; width: 100%; height: 100%;\" src=\"https:\/\/www.youtube.com\/embed\/K-vE5OAucCk?si=JLzY2rTRI6hfs_7x\" frameborder=\"0\" allowfullscreen=\"allowfullscreen\"><\/iframe><\/div>\n<p>&nbsp;<\/p>","protected":false},"featured_media":1401,"comment_status":"open","ping_status":"closed","template":"","meta":[],"product_brand":[],"product_cat":[32],"product_tag":[],"class_list":{"0":"post-1611","1":"product","2":"type-product","3":"status-publish","4":"has-post-thumbnail","6":"product_cat-marka-osobista-i-kariera-inzyniera","8":"first","9":"instock","10":"sold-individually","11":"shipping-taxable","12":"purchasable","13":"product-type-simple"},"_links":{"self":[{"href":"https:\/\/sintegration.pl\/en\/wp-json\/wp\/v2\/product\/1611","targetHints":{"allow":["GET"]}}],"collection":[{"href":"https:\/\/sintegration.pl\/en\/wp-json\/wp\/v2\/product"}],"about":[{"href":"https:\/\/sintegration.pl\/en\/wp-json\/wp\/v2\/types\/product"}],"replies":[{"embeddable":true,"href":"https:\/\/sintegration.pl\/en\/wp-json\/wp\/v2\/comments?post=1611"}],"wp:featuredmedia":[{"embeddable":true,"href":"https:\/\/sintegration.pl\/en\/wp-json\/wp\/v2\/media\/1401"}],"wp:attachment":[{"href":"https:\/\/sintegration.pl\/en\/wp-json\/wp\/v2\/media?parent=1611"}],"wp:term":[{"taxonomy":"product_brand","embeddable":true,"href":"https:\/\/sintegration.pl\/en\/wp-json\/wp\/v2\/product_brand?post=1611"},{"taxonomy":"product_cat","embeddable":true,"href":"https:\/\/sintegration.pl\/en\/wp-json\/wp\/v2\/product_cat?post=1611"},{"taxonomy":"product_tag","embeddable":true,"href":"https:\/\/sintegration.pl\/en\/wp-json\/wp\/v2\/product_tag?post=1611"}],"curies":[{"name":"wp","href":"https:\/\/api.w.org\/{rel}","templated":true}]}}