{"id":573,"date":"2025-01-23T21:52:45","date_gmt":"2025-01-23T20:52:45","guid":{"rendered":"http:\/\/sintegration.pl\/?page_id=573"},"modified":"2025-03-19T20:42:31","modified_gmt":"2025-03-19T19:42:31","slug":"regulamin-serwisu","status":"publish","type":"page","link":"https:\/\/sintegration.pl\/en\/regulamin-serwisu\/","title":{"rendered":"Website regulations"},"content":{"rendered":"<div data-elementor-type=\"wp-page\" data-elementor-id=\"573\" class=\"elementor elementor-573\" data-elementor-post-type=\"page\">\n\t\t\t\t<div class=\"elementor-element elementor-element-f92a18e e-flex e-con-boxed e-con e-parent\" data-id=\"f92a18e\" data-element_type=\"container\" data-e-type=\"container\" data-settings=\"{&quot;background_background&quot;:&quot;classic&quot;}\">\n\t\t\t\t\t<div class=\"e-con-inner\">\n\t\t\t\t<div class=\"elementor-element elementor-element-13266d3 elementor-widget elementor-widget-heading\" data-id=\"13266d3\" data-element_type=\"widget\" data-e-type=\"widget\" data-widget_type=\"heading.default\">\n\t\t\t\t<div class=\"elementor-widget-container\">\n\t\t\t\t\t<h1 class=\"elementor-heading-title elementor-size-default\">Website regulations<\/h1>\t\t\t\t<\/div>\n\t\t\t\t<\/div>\n\t\t\t\t\t<\/div>\n\t\t\t\t<\/div>\n\t\t<div class=\"elementor-element elementor-element-248d9f9 e-flex e-con-boxed e-con e-parent\" data-id=\"248d9f9\" data-element_type=\"container\" data-e-type=\"container\">\n\t\t\t\t\t<div class=\"e-con-inner\">\n\t\t\t\t<div class=\"elementor-element elementor-element-f50b0ad elementor-widget elementor-widget-text-editor\" data-id=\"f50b0ad\" data-element_type=\"widget\" data-e-type=\"widget\" data-widget_type=\"text-editor.default\">\n\t\t\t\t<div class=\"elementor-widget-container\">\n\t\t\t\t\t\t\t\t\t<h2 data-pm-slice=\"1 1 []\">Website Terms and Conditions<\/h2><h3>\u00a71 General provisions<\/h3><ol start=\"1\" data-spread=\"false\"><li><p>The website is operated by the Administrator \u2013 S INTEGRATION SZYMON KLEPACZ, with its registered office at ul. Go\u0142\u0119bia 15, 42-700 Lubliniec, Tax Identification Number (NIP): 5751906040.<\/p><\/li><li><p>Serwis umo\u017cliwia dost\u0119p do kurs\u00f3w elektronicznych, w szczeg\u00f3lno\u015bci z zakresu marki osobistej, automatyki przemys\u0142owej, programowania sterownik\u00f3w PLC oraz pokrewnych technologii.<\/p><\/li><li><p>User (You) \u2013 any natural person using the Website and services offered through the Website.<\/p><\/li><\/ol><h3>\u00a72 Terms of service provision<\/h3><ol start=\"1\" data-spread=\"false\"><li><p>Access to the courses offered on the Website requires the User's registration and acceptance of these Terms and Conditions.<\/p><\/li><li><p>Courses are provided exclusively electronically.<\/p><\/li><li><p>Purchased courses are digital in nature. Therefore, there is no right to return the product or withdraw from the contract after access to the course has been obtained.<\/p><\/li><li>Kursy b\u0119d\u0105 dost\u0119pne na naszej platformie online, do kt\u00f3rej otrzymasz dost\u0119p po zakupie kursu.\u00a0<\/li><\/ol><h3>\u00a73 Personal Data<\/h3><ol start=\"1\" data-spread=\"false\"><li><p>The Administrator processes personal data in accordance with the Privacy Policy available on the Website.<\/p><\/li><li><p>Personal data is processed for the purpose of providing services, handling inquiries, and carrying out marketing activities in accordance with the GDPR.<\/p><\/li><\/ol><h3>\u00a74 Payments<\/h3><ol start=\"1\" data-spread=\"false\"><li><p>The course prices are provided on the Website and are gross prices.<\/p><\/li><li><p>Payment is made through the electronic payment systems provided on the Website or on the basis of a VAT invoice in the case of a B2B contract.<\/p><\/li><\/ol><h3>\u00a74 Copyright<\/h3><ol start=\"1\" data-spread=\"false\"><li><p>All materials available as part of the courses are protected by copyright and constitute the property of the Administrator.<\/p><\/li><li><p>Copying, distribution, or sharing of the materials with third parties without the Administrator's consent is prohibited.<\/p><\/li><\/ol><h3>\u00a75 Complaints<\/h3><ol start=\"1\" data-spread=\"false\"><li><p>Reklamacje dotycz\u0105ce dzia\u0142ania Serwisu nale\u017cy zg\u0142asza\u0107 pisemnie na adres e-mail: office@sintegration.pl.<\/p><\/li><li><p>Complaints will be processed within 14 days from the date of receipt.<\/p><\/li><\/ol><h3>\u00a76 Final Provisions<\/h3><ol start=\"1\" data-spread=\"false\"><li><p>The Administrator reserves the right to amend these Terms and Conditions. Each change shall take effect upon publication on the Website.<\/p><\/li><li><p>Using the Website signifies acceptance of these Terms and Conditions and the Privacy Policy.<\/p><\/li><li><p>Any disputes shall be resolved by the competent court for the Administrator's registered office.<\/p><\/li><\/ol><h3>\u00a76 Contact<\/h3><p>W razie jakichkolwiek pyta\u0144 dotycz\u0105cych Regulaminu lub Polityki prywatno\u015bci, skontaktuj si\u0119 z nami za po\u015brednictwem adresu e-mail: office@sintegration.pl lub pisemnie na adres Administratora.<\/p>\t\t\t\t\t\t\t\t<\/div>\n\t\t\t\t<\/div>\n\t\t\t\t\t<\/div>\n\t\t\t\t<\/div>\n\t\t\t\t<\/div>","protected":false},"excerpt":{"rendered":"<p>Regulamin serwisu Regulamin Serwisu \u00a71 Postanowienia og\u00f3lne Serwis internetowy prowadzony jest przez Administratora \u2013 firm\u0119 S INTEGRATION SZYMON KLEPACZ z siedzib\u0105 przy ul. Go\u0142\u0119bia 15, 42-700 Lubliniec, NIP: 5751906040. Serwis umo\u017cliwia dost\u0119p do kurs\u00f3w elektronicznych, w szczeg\u00f3lno\u015bci z zakresu marki osobistej, automatyki przemys\u0142owej, programowania sterownik\u00f3w PLC oraz pokrewnych technologii. U\u017cytkownik (Ty) \u2013 ka\u017cda osoba fizyczna [&hellip;]<\/p>","protected":false},"author":1,"featured_media":0,"parent":0,"menu_order":0,"comment_status":"closed","ping_status":"closed","template":"","meta":{"footnotes":""},"class_list":["post-573","page","type-page","status-publish","hentry"],"_links":{"self":[{"href":"https:\/\/sintegration.pl\/en\/wp-json\/wp\/v2\/pages\/573","targetHints":{"allow":["GET"]}}],"collection":[{"href":"https:\/\/sintegration.pl\/en\/wp-json\/wp\/v2\/pages"}],"about":[{"href":"https:\/\/sintegration.pl\/en\/wp-json\/wp\/v2\/types\/page"}],"author":[{"embeddable":true,"href":"https:\/\/sintegration.pl\/en\/wp-json\/wp\/v2\/users\/1"}],"replies":[{"embeddable":true,"href":"https:\/\/sintegration.pl\/en\/wp-json\/wp\/v2\/comments?post=573"}],"version-history":[{"count":22,"href":"https:\/\/sintegration.pl\/en\/wp-json\/wp\/v2\/pages\/573\/revisions"}],"predecessor-version":[{"id":1632,"href":"https:\/\/sintegration.pl\/en\/wp-json\/wp\/v2\/pages\/573\/revisions\/1632"}],"wp:attachment":[{"href":"https:\/\/sintegration.pl\/en\/wp-json\/wp\/v2\/media?parent=573"}],"curies":[{"name":"wp","href":"https:\/\/api.w.org\/{rel}","templated":true}]}}