{"id":565,"date":"2025-01-23T21:51:25","date_gmt":"2025-01-23T20:51:25","guid":{"rendered":"http:\/\/sintegration.pl\/?page_id=565"},"modified":"2025-03-19T20:51:12","modified_gmt":"2025-03-19T19:51:12","slug":"polityka-prywatnosci","status":"publish","type":"page","link":"https:\/\/sintegration.pl\/en\/polityka-prywatnosci\/","title":{"rendered":"Privacy Policy"},"content":{"rendered":"<div data-elementor-type=\"wp-page\" data-elementor-id=\"565\" class=\"elementor elementor-565\" data-elementor-post-type=\"page\">\n\t\t\t\t<div class=\"elementor-element elementor-element-59412cc e-flex e-con-boxed e-con e-parent\" data-id=\"59412cc\" data-element_type=\"container\" data-e-type=\"container\" data-settings=\"{&quot;background_background&quot;:&quot;classic&quot;}\">\n\t\t\t\t\t<div class=\"e-con-inner\">\n\t\t\t\t<div class=\"elementor-element elementor-element-d6cbef6 elementor-widget elementor-widget-heading\" data-id=\"d6cbef6\" data-element_type=\"widget\" data-e-type=\"widget\" data-widget_type=\"heading.default\">\n\t\t\t\t<div class=\"elementor-widget-container\">\n\t\t\t\t\t<h1 class=\"elementor-heading-title elementor-size-default\">Privacy Policy<\/h1>\t\t\t\t<\/div>\n\t\t\t\t<\/div>\n\t\t\t\t\t<\/div>\n\t\t\t\t<\/div>\n\t\t<div class=\"elementor-element elementor-element-3fbe1a2 e-flex e-con-boxed e-con e-parent\" data-id=\"3fbe1a2\" data-element_type=\"container\" data-e-type=\"container\">\n\t\t\t\t\t<div class=\"e-con-inner\">\n\t\t\t\t<div class=\"elementor-element elementor-element-6c1742d elementor-widget elementor-widget-text-editor\" data-id=\"6c1742d\" data-element_type=\"widget\" data-e-type=\"widget\" data-widget_type=\"text-editor.default\">\n\t\t\t\t<div class=\"elementor-widget-container\">\n\t\t\t\t\t\t\t\t\t<p><strong>Definitions<\/strong><\/p>\n<ol role=\"list\">\n<li>Administrator (My) \u2013 firma S INTEGRATION SZYMON KLEPACZ z siedzib\u0105 przy ul. GO\u0141\u0118BIA 15, 42-700 Lubliniec NIP: 5751906040<\/li>\n<li>Personal data - all information about a natural person identified or identifiable by one or more specific factors determining physical, physiological, genetic, mental, economic, cultural or social identity, including device IP, location data, online identifier and information collected via cookies and other similar technology.<\/li>\n<li>Policy \u2013 \u200b\u200bthis Privacy Policy.<\/li>\n<li>GDPR - Regulation (EU) 2016\/679 of the European Parliament and of the Council of 27 April 2016 on the protection of natural persons with regard to the processing of personal data and on the free movement of such data, and repealing Directive 95\/46\/EC.<\/li>\n<li>Serwis \u2013 serwis internetowy prowadzony przez nas pod adresem www.sintegration.pl<\/li>\n<li>User (You) \u2013 any natural person visiting the Website or using one or more services or functionalities described in the Policy<\/li>\n<\/ol>\n<p>\u200d<strong><br>Data processing in connection with the use of the website<\/strong><\/p>\n<p>In connection with your use of the Website, we collect your data to the extent necessary to provide the individual services offered, as well as information about your activity on the Website. Detailed principles and purposes of processing personal data collected when you use the Website are described below.<\/p>\n<p>\u200d<strong><br>Using the website<\/strong><\/p>\n<ol role=\"list\">\n<li>Przetwarzamy dane osobowe wszystkich os\u00f3b korzystaj\u0105cych z Serwisu (w tym: imi\u0119, adres email) , adres IP lub inne identyfikatory oraz informacje gromadzone za po\u015brednictwem plik\u00f3w cookies lub innych podobnych technologii), a nieb\u0119d\u0105cych zarejestrowanymi U\u017cytkownikami (tj. osoby nieposiadaj\u0105ce profilu w Serwisie) w nast\u0119puj\u0105cych celach: w celu \u015bwiadczenia us\u0142ug drog\u0105 elektroniczn\u0105 w zakresie udost\u0119pniana U\u017cytkownikom tre\u015bci gromadzonych w Serwisie \u2013 w\u00f3wczas podstaw\u0105 prawn\u0105 przetwarzania jest niezb\u0119dno\u015b\u0107 przetwarzania do wykonania umowy (art. 6 ust. 1 lit b RODO); w celach analitycznych i statystycznych \u2013 w\u00f3wczas podstaw\u0105 prawn\u0105 przetwarzania jest nasz uzasadniony interes (art. 6 ust. 1 lit f RODO) polegaj\u0105cy na prowadzeniu analiz aktywno\u015bci U\u017cytkownik\u00f3w, a tak\u017ce ich preferencji w celu poprawy stosowanych funkcjonalno\u015bci i \u015bwiadczonych us\u0142ug; w celu ewentualnego ustalenia i dochodzenia roszcze\u0144 lub obrony przed nimi \u2013 podstaw\u0105 prawn\u0105 przetwarzania jest nasz uzasadniony interes (art. 6 ust. 1 lit f RODO) polegaj\u0105cy na ochronie naszych praw;<\/li>\n<li>W celach marketingowych (naszych oraz naszych partner\u00f3w), w szczeg\u00f3lno\u015bci zwi\u0105zanych z prezentowaniem reklamy behawioralnej \u2013 zasady przetwarzania danych osobowych w celach marketingowych zosta\u0142y opisane w sekcji \u201eMARKETING\u201d.<\/li>\n<li>Your Activity on the Website, including your personal data, is recorded in system logs. The information collected in logs is processed primarily for purposes related to the provision of services. We also process them for technical and administrative purposes, to ensure the security of the IT system and to manage this system, as well as for analytical and statistical purposes - in this respect, the legal basis for processing is our legitimate interest (Article 6(1)(f) of the GDPR).<\/li>\n<\/ol>\n<p>\u200d<strong><br>Contact forms<\/strong><\/p>\n<ol role=\"list\">\n<li>On the Website, we provide the opportunity to contact us using electronic contact forms. Using the form requires providing your personal data necessary for us to contact you and answer your question. You can also provide other data in the form to make it easier for us to contact you or handle your inquiry. Providing data marked as mandatory is required to accept and process your inquiry, and failure to provide it will result in us not being able to process your question. Providing other data is voluntary.<\/li>\n<li>Dane osobowe, kt\u00f3re prze\u015blesz nam za pomoc\u0105 formularza kontaktowego s\u0105 przetwarzane: w celu identyfikacji Ciebie jako nadawcy oraz obs\u0142ugi Twojego zapytania przes\u0142anego przez udost\u0119pniony formularz \u2013 podstaw\u0105 prawn\u0105 przetwarzania jest niezb\u0119dno\u015b\u0107 przetwarzania do wykonania umowy o \u015bwiadczenie us\u0142ugi (art. 6 ust. 1 lit b RODO); w celach analitycznych i statystycznych \u2013 podstaw\u0105 prawn\u0105 przetwarzania jest nasz uzasadniony interes (art. 6 ust. 1 lit f RODO) polegaj\u0105cy na prowadzeniu statystyk zapyta\u0144 zg\u0142aszanych przez U\u017cytkownik\u00f3w za po\u015brednictwem Serwisu w celu doskonalenia jego funkcjonalno\u015bci.<\/li>\n<\/ol>\n<p>\u200d<strong><br>Marketing<\/strong><\/p>\n<ol role=\"list\">\n<li>Przetwarzamy Twoje dane osobowe w celu realizowania dzia\u0142a\u0144 marketingowych, kt\u00f3re mog\u0105 polega\u0107 na: wy\u015bwietlaniu tre\u015bci marketingowych, kt\u00f3re nie s\u0105 dostosowane do Twoich preferencji (reklama kontekstowa); wy\u015bwietlaniu tre\u015bci marketingowych odpowiadaj\u0105cych Twoim zainteresowaniom (reklama behawioralna); kierowaniu e-mailowych powiadomie\u0144 o interesuj\u0105cych ofertach lub tre\u015bciach, kt\u00f3re w niekt\u00f3rych przypadkach zawieraj\u0105 informacje handlowe (us\u0142uga newslettera) prowadzenie innego rodzaju dzia\u0142a\u0144 zwi\u0105zanych z marketingiem bezpo\u015brednim towar\u00f3w i us\u0142ug (przesy\u0142anie informacji handlowych drog\u0105 elektroniczn\u0105 oraz dzia\u0142ania telemarketingowe).<\/li>\n<li>In order to carry out marketing activities, in some cases we use profiling (if you consent to it). This means that, thanks to automatic data processing, we evaluate selected factors relating to natural persons in order to analyze their behavior or create a forecast for the future.<\/li>\n<\/ol>\n<p>\u200d<strong><br>Direct marketing<\/strong><\/p>\n<p>Your Personal Data may also be used by us so that we can send marketing content to you through various channels, i.e. via e-mail, MMS \/ SMS or by phone. We only take such actions if you have given us your consent, which you may withdraw at any time.<\/p>\n<p>\u200d<strong><br>Social networking sites<\/strong><\/p>\n<p>We process your personal data when you visit our profiles on social media (Facebook, YouTube, Instagram, Twitter). This data is processed only in connection with maintaining the profile, including to inform you about our activity and to promote various types of events, services and products. The legal basis for the processing of personal data for this purpose is our legitimate interest (Article 6(1)(f) of the GDPR) consisting in promoting our own brand.<\/p>\n<p>\u200d<strong><br>Cookies and similar technology<\/strong><\/p>\n<p>Cookies are small text files installed on your device when you browse the Website. Cookies collect information that facilitates the use of the website - e.g. by remembering your visits to the Website and the activities you perform. We may use the following types of cookies on the Website<\/p>\n<p>\u200d<\/p>\n<p>'Service' cookies<\/p>\n<ol role=\"list\">\n<li>Wykorzystujemy tzw. cookies serwisowe przede wszystkim w celu dostarczania Ci us\u0142ug \u015bwiadczonych drog\u0105 elektroniczn\u0105 oraz poprawy jako\u015bci tych us\u0142ug. W zwi\u0105zku z tym my oraz inne podmioty \u015bwiadcz\u0105ce na nasz\u0105 rzecz us\u0142ugi analityczne i statystyczne korzystaj\u0105 z plik\u00f3w cookies, przechowuj\u0105c informacje lub uzyskuj\u0105c dost\u0119p do informacji ju\u017c przechowywanych w Twoim telekomunikacyjnym urz\u0105dzeniu ko\u0144cowym (komputer, telefon, tablet itp.). Pliki cookies wykorzystywane w tym celu obejmuj\u0105: pliki cookies z danymi wprowadzanymi przez Ciebie (identyfikator sesji) na czas trwania sesji (ang. user input cookies); uwierzytelniaj\u0105ce pliki cookies wykorzystywane do us\u0142ug wymagaj\u0105cych uwierzytelniania na czas trwania sesji (ang. authentication cookies); pliki cookies s\u0142u\u017c\u0105ce do zapewnienia bezpiecze\u0144stwa, np. wykorzystywane do wykrywania nadu\u017cy\u0107 w zakresie uwierzytelniania (ang. user centric security cookies); sesyjne pliki cookies odtwarzaczy multimedialnych (np. pliki cookies odtwarzacza flash), na czas trwania sesji (ang. multimedia player session cookies); trwa\u0142e pliki cookies s\u0142u\u017c\u0105ce do personalizacji interfejsu U\u017cytkownika na czas trwania sesji lub nieco d\u0142u\u017cej (ang. user interface customization cookies), pliki cookies s\u0142u\u017c\u0105ce do monitorowania ruchu na stronie internetowej, tj. analityki danych, w tym cookies Google Analytics (s\u0105 to pliki wykorzystywane przez sp\u00f3\u0142k\u0119 Google w celu analizy w jaki spos\u00f3w korzystasz z Serwisu, do tworzenia statystyk i raport\u00f3w dotycz\u0105cych funkcjonowania Serwisu). Google nie wykorzystuje zebranych danych do identyfikacji U\u017cytkownika ani nie \u0142\u0105czy tych informacji w celu umo\u017cliwienia identyfikacji. Szczeg\u00f3\u0142owe informacje o zakresie i zasadach zbierania danych w zwi\u0105zku z t\u0105 us\u0142ug\u0105 mo\u017cna znale\u017a\u0107 pod linkiem: https:\/\/www.google.com\/intl\/pl\/policies\/privacy\/partners.<\/li>\n<\/ol>\n<p><br>'Marketing' cookies<\/p>\n<ol role=\"list\">\n<li>We and our trusted partners also use cookies for marketing purposes, including: in connection with targeting behavioral advertising to you. For this purpose, we and our trusted partners store information or access information already stored on your telecommunications terminal device (computer, telephone, tablet, etc.). The use of cookies and personal data collected through them for marketing purposes, in particular in the promotion of third-party services and goods, requires your consent, which may be withdrawn at any time.<\/li>\n<\/ol>\n<p><br>Cookie management<\/p>\n<ol role=\"list\">\n<li>If you do not want to receive cookies, you can change your browser settings. We reserve that disabling cookies necessary for authentication processes, security, and maintaining user preferences may make it difficult to use the Website.<\/li>\n<li>W celu zarz\u0105dzania ustawienia cookies wybierz z listy poni\u017cej przegl\u0105dark\u0119 internetow\u0105, kt\u00f3rej u\u017cywasz i post\u0119puj zgodnie z instrukcjami: Edge, Internet Explorer, Chrome, Safari, Firefox, Opera.<\/li>\n<li>Urz\u0105dzenia mobilne: Android, Safari (iOS), Windows Phone<\/li>\n<\/ol>\n<p>\u200d<strong><br>Important marketing techniques<\/strong><\/p>\n<ol role=\"list\">\n<li>We use statistical analysis of website traffic via Google Analytics (Google Inc. based in the USA). We do not transfer personal data to the operator of this service, only anonymized information. The service is based on the use of cookies on your end user device. In terms of information about user preferences collected by the Google advertising network, the user can view and edit information resulting from cookies using the tool:&nbsp;<a href=\"https:\/\/www.google.com\/ads\/preferences\/\">https:\/\/www.google.com\/ads\/preferences\/<\/a><\/li>\n<li>We use the Facebook pixel on the Website. This technology allows Facebook (Facebook Inc. based in the USA) to know that a given person registered there uses the Website. In this case, it is based on data for which it is the administrator. We do not transfer any of your additional personal data to Facebook. The service is based on the use of cookies on your end device.<\/li>\n<li>The purpose and scope of data collection and its further processing and use by service providers, as well as the possibility of contact and the User's rights in this regard are described in the service providers' privacy policy: We may use<br><a href=\"https:\/\/www.facebook.com\/policy.php\" style=\"text-align: var(--text-align);\">https:\/\/www.facebook.com\/policy.php<\/a><br><a href=\"https:\/\/policies.google.com\/privacy?hl=pl&amp;gl=ZZ\" style=\"text-align: var(--text-align);\">https:\/\/policies.google.com\/privacy?hl=pl&amp;gl=ZZ<\/a><span style=\"background-color: transparent; color: var( --e-global-color-text ); font-family: var( --e-global-typography-text-font-family ), Sans-serif; font-weight: var( --e-global-typography-text-font-weight ); text-align: var(--text-align);\">.<\/span><\/li>\n<li>We may use remarketing techniques that allow advertising messages to be tailored to your behavior on the Website, which may give the illusion that your personal data is being used for tracking, but in practice we do not transfer any of your personal data to advertising operators. The technological condition for such activities is that cookies are enabled.<\/li>\n<\/ol>\n<p>We may use a solution that examines user behavior by creating heat maps and recording behavior on the Website. This information is anonymized before it is sent to the service operator so that it does not know which natural person it relates to. In particular, entered passwords and other personal data are not recorded.<\/p>\n<p>\u200d<strong><br>Your permissions<\/strong><\/p>\n<ol role=\"list\">\n<li>W zwi\u0105zku z tym, \u017ce przetwarzamy Twoje dane osobowe, przys\u0142uguj\u0105 Ci nast\u0119puj\u0105ce prawa: prawo do informacji o przetwarzaniu danych osobowych \u2013 na tej podstawie, na Tw\u00f3j wniosek przeka\u017cemy Ci informacj\u0119 o przetwarzaniu danych, w tym przede wszystkim o celach i podstawach prawnych przetwarzania, zakresie posiadanych danych, podmiotach, kt\u00f3rym s\u0105 ujawniane, i planowanym terminie usuni\u0119cia danych; prawo uzyskania kopii danych \u2013 na tej podstawie, na Tw\u00f3j wniosek przeka\u017cemy Ci kopi\u0119 przetwarzanych danych dotycz\u0105cych osoby zg\u0142aszaj\u0105cej \u017c\u0105danie; prawo do sprostowania \u2013 na Tw\u00f3j wniosek jeste\u015bmy zobowi\u0105zani usuwa\u0107 ewentualne niezgodno\u015bci lub b\u0142\u0119dy przetwarzanych danych osobowych oraz uzupe\u0142nia\u0107 je, je\u015bli s\u0105 niekompletne; prawo do usuni\u0119cia danych \u2013 na tej podstawie mo\u017cesz \u017c\u0105da\u0107 usuni\u0119cia danych, kt\u00f3rych przetwarzanie nie jest ju\u017c niezb\u0119dne do realizowania \u017cadnego z cel\u00f3w, dla kt\u00f3rych zosta\u0142y zebrane; prawo do ograniczenia przetwarzania \u2013 na tej podstawie, na Tw\u00f3j wniosek zaprzestaniemy wykonywania operacji na Twoich danych osobowych \u2013 z wyj\u0105tkiem operacji, na kt\u00f3re wyrazi\u0142e\u015b zgod\u0119 \u2013 oraz ich przechowywania, zgodnie z przyj\u0119tymi zasadami retencji lub dop\u00f3ki nie ustan\u0105 przyczyny ograniczenia przetwarzania danych; prawo do przenoszenia danych \u2013 na tej podstawie \u2013 w zakresie, w jakim Twoje dane s\u0105 przetwarzane w zwi\u0105zku z zawart\u0105 umow\u0105 lub wyra\u017con\u0105 zgod\u0105 \u2013 wydamy Ci dostarczone przez Ciebie dane w formacie pozwalaj\u0105cym na ich odczyt przez komputer. Mo\u017cesz tak\u017ce za\u017c\u0105da\u0107, aby\u015bmy przes\u0142ali te dane innemu podmiotowi \u2013 jednak pod warunkiem, \u017ce mamy do tego odpowiednie mo\u017cliwo\u015bci techniczne. prawo sprzeciwu wobec przetwarzania danych w celach marketingowych \u2013 mo\u017cesz w ka\u017cdym momencie sprzeciwi\u0107 si\u0119 przetwarzaniu danych osobowych w celach marketingowych, bez konieczno\u015bci uzasadnienia takiego sprzeciwu; prawo sprzeciwu wobec innych cel\u00f3w przetwarzania danych \u2013 Mo\u017cesz w ka\u017cdym momencie sprzeciwi\u0107 si\u0119 przetwarzaniu danych osobowych, kt\u00f3re odbywa si\u0119 na podstawie naszego uzasadnionego interesu (np. dla cel\u00f3w analitycznych lub statystycznych albo ze wzgl\u0119d\u00f3w zwi\u0105zanych z ochron\u0105 mienia); sprzeciw w tym zakresie powinien zawiera\u0107 uzasadnienie; prawo wycofania zgody \u2013 je\u015bli dane przetwarzane s\u0105 na podstawie Twojej zgody, masz prawo j\u0105 wycofa\u0107 w dowolnym momencie, co jednak nie wp\u0142ywa na zgodno\u015b\u0107 z prawem przetwarzania dokonanego przed wycofaniem zgody. Prawo do skargi \u2013 je\u017celi uznasz, \u017ce spos\u00f3b w jaki przetwarzamy Twoje dane osobowe narusza przepisy RODO lub inne przepisy dotycz\u0105ce ochrony danych osobowych, mo\u017cesz z\u0142o\u017cy\u0107 skarg\u0119 do Prezesa Urz\u0119du Ochrony Danych Osobowych.<\/li>\n<\/ol>\n<p>\u200d<strong><br>Security of personal data<\/strong><\/p>\n<ol role=\"list\">\n<li>Please know that we take every step to ensure that your personal data is processed in a safe manner - ensuring, above all, that only authorized persons have access to your data and only to the extent necessary for the tasks they perform.<\/li>\n<li>We take all necessary actions to ensure that our subcontractors and other cooperating entities guarantee the use of appropriate security measures whenever they process your personal data on our behalf.<\/li>\n<li>Kursy b\u0119d\u0105 dost\u0119pne na naszej platformie online, do kt\u00f3rej otrzymasz dost\u0119p po zakupie kursu.<\/li>\n<\/ol>\n<p>\u200d<strong><br>Contact details<\/strong><\/p>\n<p>In all matters referred to in this policy, in particular related to the processing of your personal data, you can contact us via:<\/p>\n<ol role=\"list\">\n<li>e-mail:&nbsp;<a href=\"mailto:office@sintegration.pl\"><strong>office@sintegration.pl<\/strong><\/a><\/li>\n<\/ol>\t\t\t\t\t\t\t\t<\/div>\n\t\t\t\t<\/div>\n\t\t\t\t\t<\/div>\n\t\t\t\t<\/div>\n\t\t\t\t<\/div>","protected":false},"excerpt":{"rendered":"<p>Polityka prywatno\u015bci Definicje Administrator (My) \u2013 firma S INTEGRATION SZYMON KLEPACZ z siedzib\u0105 przy ul. GO\u0141\u0118BIA 15, 42-700 Lubliniec NIP: 5751906040 Dane osobowe \u2013 wszystkie informacje o osobie fizycznej zidentyfikowanej lub mo\u017cliwej do zidentyfikowania poprzez jeden b\u0105d\u017a kilka szczeg\u00f3lnych czynnik\u00f3w okre\u015blaj\u0105cych fizyczn\u0105, fizjologiczn\u0105, genetyczn\u0105, psychiczn\u0105, ekonomiczn\u0105, kulturow\u0105 lub spo\u0142eczn\u0105 to\u017csamo\u015b\u0107, w tym IP urz\u0105dzenia, dane [&hellip;]<\/p>","protected":false},"author":1,"featured_media":0,"parent":0,"menu_order":0,"comment_status":"closed","ping_status":"closed","template":"","meta":{"footnotes":""},"class_list":["post-565","page","type-page","status-publish","hentry"],"_links":{"self":[{"href":"https:\/\/sintegration.pl\/en\/wp-json\/wp\/v2\/pages\/565","targetHints":{"allow":["GET"]}}],"collection":[{"href":"https:\/\/sintegration.pl\/en\/wp-json\/wp\/v2\/pages"}],"about":[{"href":"https:\/\/sintegration.pl\/en\/wp-json\/wp\/v2\/types\/page"}],"author":[{"embeddable":true,"href":"https:\/\/sintegration.pl\/en\/wp-json\/wp\/v2\/users\/1"}],"replies":[{"embeddable":true,"href":"https:\/\/sintegration.pl\/en\/wp-json\/wp\/v2\/comments?post=565"}],"version-history":[{"count":25,"href":"https:\/\/sintegration.pl\/en\/wp-json\/wp\/v2\/pages\/565\/revisions"}],"predecessor-version":[{"id":1641,"href":"https:\/\/sintegration.pl\/en\/wp-json\/wp\/v2\/pages\/565\/revisions\/1641"}],"wp:attachment":[{"href":"https:\/\/sintegration.pl\/en\/wp-json\/wp\/v2\/media?parent=565"}],"curies":[{"name":"wp","href":"https:\/\/api.w.org\/{rel}","templated":true}]}}