{"id":1617,"date":"2025-03-19T20:28:51","date_gmt":"2025-03-19T19:28:51","guid":{"rendered":"http:\/\/sintegration.pl\/?post_type=product&#038;p=1617"},"modified":"2025-12-01T16:05:30","modified_gmt":"2025-12-01T15:05:30","slug":"jak-zarobic-na-pracy-dyplomowej","status":"publish","type":"product","link":"https:\/\/sintegration.pl\/de\/produkt\/jak-zarobic-na-pracy-dyplomowej\/","title":{"rendered":"Jak zarobi\u0107 na pracy dyplomowej?"},"content":{"rendered":"<p>Najni\u017csza cena z ostatnich 30 dni: 99 z\u0142<\/p>\n<h2 class=\"tutor-fs-5 tutor-fw-bold tutor-color-black tutor-mb-12\">O kursie<\/h2>\n<div class=\"tutor-fs-6 tutor-color-secondary\">\n<p>Jak zarobi\u0107 na pracy dyplomowej? Czyli komercyjna praca in\u017cynierska i magisterska.<\/p>\n<p>Stworzy\u0142em to szkolenie w odpowiedzi na pytania wielu os\u00f3b, kt\u00f3re obejrza\u0142y przeprowadzony ze mn\u0105 wywiad dla iAutomatyka.pl (<a href=\"https:\/\/www.youtube.com\/watch?v=K-vE5OAucCk&amp;t=1344s\" target=\"_blank\" rel=\"noreferrer noopener\">Link do wywiadu na YouTube<\/a>) i kt\u00f3re \u015bledz\u0105 mnie w mediach spo\u0142eczno\u015bciowych.<\/p>\n<p>Wyobra\u017a sobie, \u017ce p\u0142ac\u0105 Ci 7 000 z\u0142 za Twoj\u0105 prac\u0119 in\u017cyniersk\u0105, kt\u00f3r\u0105 i tak musisz napisa\u0107, aby si\u0119 obroni\u0107 i uko\u0144czy\u0107 studia. Odkrywasz genialny schemat dzia\u0142ania, optymalizujesz go i powtarzasz przy pisaniu pracy magisterskiej z malutkim szczeg\u00f3\u0142em \u2013 teraz p\u0142ac\u0105 Ci a\u017c 50 000 z\u0142! Owszem, to nie jest \u0142atwe do zrobienia, ale z odpowiednim przygotowaniem jest jak najbardziej mo\u017cliwe!<\/p>\n<p>Ja tego dokona\u0142em i poka\u017c\u0119 Ci krok po kroku jak to zrobi\u0107!<\/p>\n<p>Prowadz\u0105cy szkolenie: Szymon Klepacz \u2013 Automatyk, Programista PLC, Konsultant, Szkoleniowiec, Przedsi\u0119biorca, Absolwent Politechniki \u015al\u0105skiej na kierunku Automatyka i Robotyka, W\u0142a\u015bciciel S Integration i Wsp\u00f3\u0142za\u0142o\u017cyciel S University. W bardzo m\u0142odym wieku zrealizowane projekty dla takich firm, jak Mercedes-Benz, Tesla, Opel i Skoda.<\/p>\n<div style=\"position: relative; padding-bottom: 66.67%; height: 0; overflow: hidden; max-width: 100%;\"><iframe style=\"position: absolute; top: 0; left: 0; width: 100%; height: 100%;\" src=\"https:\/\/www.youtube.com\/embed\/5xRS8DOQjHw?si=VdEV9rlAN8V5tWad\" frameborder=\"0\" allowfullscreen=\"allowfullscreen\"><\/iframe><\/div>\n<\/div>","protected":false},"excerpt":{"rendered":"<h3 class=\"tutor-course-details-widget-title tutor-fs-5 tutor-fw-bold tutor-color-black tutor-mb-16\">Czego si\u0119 nauczysz?<\/h3>\n<p>Te szkolenie poka\u017ce Ci krok po kroku, co musisz zrobi\u0107, aby zarobi\u0107 pieni\u0105dze podczas realizacji swojej pracy dyplomowej &#8211; in\u017cynierskiej lub magisterskiej.<\/p>\n<h3 class=\"tutor-course-details-widget-title tutor-fs-5 tutor-color-black tutor-fw-bold tutor-mb-16\">Grupa odbiorc\u00f3w<\/h3>\n<p>Obecni i przyszli studenci kierunk\u00f3w in\u017cynierskich, kt\u00f3rzy nie wybrali jeszcze tematu pracy dyplomowej, a chc\u0105 zrealizowa\u0107 j\u0105 komercyjnie i zarobi\u0107 na niej dobre pieni\u0105dze.<\/p>\n<h3 class=\"tutor-course-details-widget-title tutor-fs-5 tutor-color-black tutor-fw-bold tutor-mb-16\">BONUS -100 z\u0142 na nauk\u0119 j\u0119zyk\u00f3w obcych w Instytucie Lingwistyki<\/h3>\n<p>Rabat -100 z\u0142 na pojedynczy kurs j\u0119zyka obcego lub pakiet dw\u00f3ch kurs\u00f3w dla ka\u017cdego kursanta w Instytucie Lingwistyki Macieja Wieczorka. Link uprawniaj\u0105cy do zni\u017cki znajduje si\u0119 w ostatniej lekcji i jest dost\u0119pny po zapisaniu si\u0119 na szkolenie.<\/p>\n<h3 class=\"tutor-course-details-widget-title tutor-fs-5 tutor-color-black tutor-fw-bold tutor-mb-16\">Agenda szkolenia<\/h3>\n<ol>\n<li>Lekcja 1 &#8211; Wprowadzenie i tematyka szkolenia<\/li>\n<li>Lekcja 2 &#8211; Kierunki studi\u00f3w, kt\u00f3re daj\u0105 mo\u017cliwo\u015bci komercyjnej pracy dyplomowej<\/li>\n<li>Lekcja 3 &#8211; Jak pozyska\u0107 p\u0142atn\u0105 wsp\u00f3\u0142prac\u0119 przy komercyjnej pracy dyplomowej?<\/li>\n<li>Lekcja 4 &#8211; Przyk\u0142adowa droga do p\u0142atnej wsp\u00f3\u0142pracy przy pracy dyplomowej<\/li>\n<li>Lekcja 5 &#8211; CV studenta bez do\u015bwiadczenia<\/li>\n<li>Lekcja 6 &#8211; Trudno\u015bci, kt\u00f3re mo\u017cesz napotka\u0107<\/li>\n<li>Lekcja 7 &#8211; Aspekty prawne<\/li>\n<li>Lekcja 8 &#8211; Jak zwi\u0119kszy\u0107 swoje szanse na p\u0142atn\u0105 prac\u0119 dyplomow\u0105?<\/li>\n<\/ol>\n<h3 class=\"tutor-course-details-widget-title tutor-fs-5 tutor-color-black tutor-fw-bold tutor-mb-16\">Moja historia &#8211; wywiad dla iAutomatyka.pl<\/h3>\n<div style=\"position: relative; padding-bottom: 66.67%; height: 0; overflow: hidden; max-width: 100%;\"><iframe style=\"position: absolute; top: 0; left: 0; width: 100%; height: 100%;\" src=\"https:\/\/www.youtube.com\/embed\/K-vE5OAucCk?si=JLzY2rTRI6hfs_7x\" frameborder=\"0\" allowfullscreen=\"allowfullscreen\"><\/iframe><\/div>\n<p>&nbsp;<\/p>","protected":false},"featured_media":1265,"comment_status":"open","ping_status":"closed","template":"","meta":[],"product_brand":[],"product_cat":[33],"product_tag":[],"class_list":{"0":"post-1617","1":"product","2":"type-product","3":"status-publish","4":"has-post-thumbnail","6":"product_cat-dla-uczniow-i-studentow","8":"first","9":"instock","10":"sold-individually","11":"shipping-taxable","12":"purchasable","13":"product-type-simple"},"_links":{"self":[{"href":"https:\/\/sintegration.pl\/de\/wp-json\/wp\/v2\/product\/1617","targetHints":{"allow":["GET"]}}],"collection":[{"href":"https:\/\/sintegration.pl\/de\/wp-json\/wp\/v2\/product"}],"about":[{"href":"https:\/\/sintegration.pl\/de\/wp-json\/wp\/v2\/types\/product"}],"replies":[{"embeddable":true,"href":"https:\/\/sintegration.pl\/de\/wp-json\/wp\/v2\/comments?post=1617"}],"wp:featuredmedia":[{"embeddable":true,"href":"https:\/\/sintegration.pl\/de\/wp-json\/wp\/v2\/media\/1265"}],"wp:attachment":[{"href":"https:\/\/sintegration.pl\/de\/wp-json\/wp\/v2\/media?parent=1617"}],"wp:term":[{"taxonomy":"product_brand","embeddable":true,"href":"https:\/\/sintegration.pl\/de\/wp-json\/wp\/v2\/product_brand?post=1617"},{"taxonomy":"product_cat","embeddable":true,"href":"https:\/\/sintegration.pl\/de\/wp-json\/wp\/v2\/product_cat?post=1617"},{"taxonomy":"product_tag","embeddable":true,"href":"https:\/\/sintegration.pl\/de\/wp-json\/wp\/v2\/product_tag?post=1617"}],"curies":[{"name":"wp","href":"https:\/\/api.w.org\/{rel}","templated":true}]}}