{"id":1614,"date":"2025-03-19T20:29:46","date_gmt":"2025-03-19T19:29:46","guid":{"rendered":"http:\/\/sintegration.pl\/?post_type=product&#038;p=1614"},"modified":"2025-09-09T16:47:40","modified_gmt":"2025-09-09T14:47:40","slug":"mentoring-premium","status":"publish","type":"product","link":"https:\/\/sintegration.pl\/de\/produkt\/mentoring-premium\/","title":{"rendered":"Pakiet 15h konsultacji online"},"content":{"rendered":"<div class=\"tutor-course-details-content\" style=\"width: 100%; max-width: 100%; margin: 0; padding: 0 20px;\">\n<h2 class=\"tutor-fs-5 tutor-fw-bold tutor-color-black tutor-mb-12\" style=\"width: 100%; max-width: 100%; margin: 0 0 12px 0;\">O kursie<\/h2>\n<div class=\"tutor-fs-6 tutor-color-secondary\" style=\"width: 100%; max-width: 100%; margin: 0; padding: 0;\">\n<p>Pakiet 15 godzin konsultacji online dla uczni\u00f3w, student\u00f3w i in\u017cynier\u00f3w dotycz\u0105ca:<\/p>\n<ul style=\"margin-top: 10px; padding-left: 20px; width: 100%; max-width: 100%;\">\n<li>programowania sterownik\u00f3w PLC<\/li>\n<li>system\u00f3w automatyki przemys\u0142owej<\/li>\n<li>programowania Safety w sterownikach PLC<\/li>\n<li>marki osobistej in\u017cyniera, studenta i technika<\/li>\n<li>budowania kariery in\u017cynierskiej<\/li>\n<li>doradztwa zawodowego<\/li>\n<li>przygotowania skutecznego CV<\/li>\n<li>doboru szkole\u0144 technicznych<\/li>\n<li>komercyjnej pracy dyplomowej<\/li>\n<li>korepetycji z automatyki i programowania<\/li>\n<\/ul>\n<\/div>\n<\/div>","protected":false},"excerpt":{"rendered":"<div class=\"tutor-course-details-widget tutor-course-details-widget-col-2 tutor-mt-lg-50 tutor-mt-32\">\n<h3 class=\"tutor-course-details-widget-title tutor-fs-5 tutor-color-black tutor-fw-bold tutor-mb-16\">Grupa odbiorc\u00f3w<\/h3>\n<p>Uczniowie, studenci i in\u017cynierowie.<\/p>\n<h3 class=\"tutor-course-details-widget-title tutor-fs-5 tutor-color-black tutor-fw-bold tutor-mb-16\">Prowadz\u0105cy<\/h3>\n<p>Szymon Klepacz \u2013 Automatyk, Programista PLC, Konsultant, Szkoleniowiec, Przedsi\u0119biorca, Absolwent Politechniki \u015al\u0105skiej na kierunku Automatyka i Robotyka, W\u0142a\u015bciciel S Integration i Wsp\u00f3\u0142za\u0142o\u017cyciel S University. W bardzo m\u0142odym wieku zrealizowane projekty dla takich firm, jak Mercedes-Benz, Tesla, Opel i Skoda.<\/p>\n<\/div>\n<div class=\"tutor-mt-40\">\n<h3 class=\"tutor-course-details-widget-title tutor-fs-5 tutor-color-black tutor-fw-bold tutor-mb-16\">Moja historia &#8211; wywiad dla iAutomatyka.pl<\/h3>\n<div style=\"position: relative; padding-bottom: 66.67%; height: 0; overflow: hidden; max-width: 100%;\"><iframe style=\"position: absolute; top: 0; left: 0; width: 100%; height: 100%;\" src=\"https:\/\/www.youtube.com\/embed\/K-vE5OAucCk?si=JLzY2rTRI6hfs_7x\" frameborder=\"0\" allowfullscreen=\"allowfullscreen\"><\/iframe><\/div>\n<\/div>","protected":false},"featured_media":1272,"comment_status":"open","ping_status":"closed","template":"","meta":[],"product_brand":[],"product_cat":[34],"product_tag":[],"class_list":{"0":"post-1614","1":"product","2":"type-product","3":"status-publish","4":"has-post-thumbnail","6":"product_cat-konsultacje","8":"first","9":"instock","10":"sold-individually","11":"shipping-taxable","12":"purchasable","13":"product-type-simple"},"_links":{"self":[{"href":"https:\/\/sintegration.pl\/de\/wp-json\/wp\/v2\/product\/1614","targetHints":{"allow":["GET"]}}],"collection":[{"href":"https:\/\/sintegration.pl\/de\/wp-json\/wp\/v2\/product"}],"about":[{"href":"https:\/\/sintegration.pl\/de\/wp-json\/wp\/v2\/types\/product"}],"replies":[{"embeddable":true,"href":"https:\/\/sintegration.pl\/de\/wp-json\/wp\/v2\/comments?post=1614"}],"wp:featuredmedia":[{"embeddable":true,"href":"https:\/\/sintegration.pl\/de\/wp-json\/wp\/v2\/media\/1272"}],"wp:attachment":[{"href":"https:\/\/sintegration.pl\/de\/wp-json\/wp\/v2\/media?parent=1614"}],"wp:term":[{"taxonomy":"product_brand","embeddable":true,"href":"https:\/\/sintegration.pl\/de\/wp-json\/wp\/v2\/product_brand?post=1614"},{"taxonomy":"product_cat","embeddable":true,"href":"https:\/\/sintegration.pl\/de\/wp-json\/wp\/v2\/product_cat?post=1614"},{"taxonomy":"product_tag","embeddable":true,"href":"https:\/\/sintegration.pl\/de\/wp-json\/wp\/v2\/product_tag?post=1614"}],"curies":[{"name":"wp","href":"https:\/\/api.w.org\/{rel}","templated":true}]}}