{"id":1610,"date":"2025-04-19T20:31:17","date_gmt":"2025-04-19T18:31:17","guid":{"rendered":"http:\/\/sintegration.pl\/?post_type=product&#038;p=1610"},"modified":"2025-12-01T16:05:30","modified_gmt":"2025-12-01T15:05:30","slug":"cv-studenta-bez-doswiadczenia","status":"publish","type":"product","link":"https:\/\/sintegration.pl\/de\/produkt\/cv-studenta-bez-doswiadczenia\/","title":{"rendered":"CV Studenta bez do\u015bwiadczenia"},"content":{"rendered":"<p>Najni\u017csza cena z ostatnich 30 dni: 99 z\u0142<\/p>\n<h2 class=\"tutor-fs-5 tutor-fw-bold tutor-color-black tutor-mb-12\">O kursie<\/h2>\n<div class=\"tutor-fs-6 tutor-color-secondary\">\n<p>CV Studenta bez do\u015bwiadczenia. Jak zdoby\u0107 pierwsz\u0105 prac\u0119?<\/p>\n<p>Studiujesz kierunki in\u017cynierskie i nie masz \u017cadnego do\u015bwiadczenia w swoim zawodzie. Chcesz znale\u017a\u0107 pierwsz\u0105 prac\u0119 i zdoby\u0107 pierwsze do\u015bwiadczenie. Rozsy\u0142asz swoje CV do firm, ale nikt si\u0119 nie odzywa, albo odzywaj\u0105 si\u0119, ale nie z tych firm, do kt\u00f3rych najbardziej chcia\u0142by\u015b si\u0119 dosta\u0107.<\/p>\n<p>Problem mo\u017ce le\u017ce\u0107 w Twoim CV! CV jest Twoj\u0105 wizyt\u00f3wk\u0105 i je\u015bli jest \u017ale zrobione to mo\u017ce skre\u015bli\u0107 Twoje szanse na wymarzon\u0105 prac\u0119.<\/p>\n<p>Rekrutowa\u0142em wielu student\u00f3w i in\u017cynier\u00f3w. Sam bior\u0119 non stop udzia\u0142 w rekrutacjach na realizacje projekt\u00f3w PLC dla najwi\u0119kszych \u015bwiatowych koncern\u00f3w, jak np. Mercedes-Benz czy Tesla. Widzia\u0142em wiele pope\u0142nianych b\u0142\u0119d\u00f3w i sam ich wiele pope\u0142ni\u0142em. Poka\u017c\u0119 Ci, jak powinno wygl\u0105da\u0107 CV Studenta kierunk\u00f3w in\u017cynieryjnych, kt\u00f3ry dopiero zaczyna swoj\u0105 karier\u0119. Przeka\u017c\u0119 Ci konkretn\u0105 wiedz\u0119, kt\u00f3ra pozwoli Ci wystartowa\u0107 ze znacznie lepszej pozycji ni\u017c ja sam startowa\u0142em. Szkolenie zawiera cz\u0119\u015b\u0107 praktyczn\u0105, w kt\u00f3rej od zera stworzymy CV w Canvie ze wszystkimi elementami.<\/p>\n<p>Prowadz\u0105cy szkolenie: Szymon Klepacz \u2013 Automatyk, Programista PLC, Konsultant, Szkoleniowiec, Przedsi\u0119biorca, Absolwent Politechniki \u015al\u0105skiej na kierunku Automatyka i Robotyka, W\u0142a\u015bciciel S Integration i Wsp\u00f3\u0142za\u0142o\u017cyciel S University. W bardzo m\u0142odym wieku zrealizowane projekty dla takich firm, jak Mercedes-Benz, Tesla, Opel i Skoda.<\/p>\n<div style=\"position: relative; padding-bottom: 66.67%; height: 0; overflow: hidden; max-width: 100%;\"><iframe style=\"position: absolute; top: 0; left: 0; width: 100%; height: 100%;\" src=\"https:\/\/www.youtube.com\/embed\/Tv05fE-gjiY?si=Z32Sdlqe1VfZVDIs\" frameborder=\"0\" allowfullscreen=\"allowfullscreen\"><\/iframe><\/div>\n<\/div>","protected":false},"excerpt":{"rendered":"<h3 class=\"tutor-course-details-widget-title tutor-fs-5 tutor-fw-bold tutor-color-black tutor-mb-16\">Czego si\u0119 nauczysz?<\/h3>\n<p>Dowiesz si\u0119, jak powinno wygl\u0105da\u0107 poprawnie przygotowane CV Studenta, kt\u00f3ry dopiero rozpoczyna swoj\u0105 karier\u0119 zawodow\u0105. Szkolenie pokazuje w praktyce, jak stworzy\u0107 od zera CV w Canvie od strony technicznej, jakie elementy powinno zawiera\u0107, jakie elementy nale\u017cy pomin\u0105\u0107 i jak powinno by\u0107 zorganizowane, aby podnie\u015b\u0107 Twoje szanse na zdobycie wymarzonej pracy.<\/p>\n<h3 class=\"tutor-course-details-widget-title tutor-fs-5 tutor-color-black tutor-fw-bold tutor-mb-16\">Grupa odbiorc\u00f3w<\/h3>\n<p>Studenci kierunk\u00f3w in\u017cynierskich i uczniowie Technikum.<\/p>\n<h3 class=\"tutor-course-details-widget-title tutor-fs-5 tutor-color-black tutor-fw-bold tutor-mb-16\">BONUS -100 z\u0142 na nauk\u0119 j\u0119zyk\u00f3w obcych w Instytucie Lingwistyki<\/h3>\n<p>Rabat -100 z\u0142 na pojedynczy kurs j\u0119zyka obcego lub pakiet dw\u00f3ch kurs\u00f3w dla ka\u017cdego kursanta w Instytucie Lingwistyki Macieja Wieczorka. Link uprawniaj\u0105cy do zni\u017cki znajduje si\u0119 w ostatniej lekcji i jest dost\u0119pny po zapisaniu si\u0119 na szkolenie.<\/p>\n<h3 class=\"tutor-course-details-widget-title tutor-fs-5 tutor-color-black tutor-fw-bold tutor-mb-16\">Agenda szkolenia<\/h3>\n<ol>\n<li>Lekcja 1 &#8211; Wprowadzenie i tematyka szkolenia<\/li>\n<li>Lekcja 2 &#8211; Przyk\u0142adowe CV Studenta bez do\u015bwiadczenia<\/li>\n<li>Lekcja 3 &#8211; Co \u017ale wygl\u0105da w CV?<\/li>\n<li>Lekcja 4 &#8211; Co dobrze wygl\u0105da w CV?<\/li>\n<li>Lekcja 5 &#8211; Elementy CV<\/li>\n<li>Lekcja 6 &#8211; Tworzenie CV w Canvie od zera<\/li>\n<li>Lekcja 7 &#8211; Jak si\u0119 wyr\u00f3\u017cni\u0107 w CV i wygra\u0107 rekrutacj\u0119?<\/li>\n<\/ol>\n<h3 class=\"tutor-course-details-widget-title tutor-fs-5 tutor-color-black tutor-fw-bold tutor-mb-16\">Moja historia &#8211; wywiad dla iAutomatyka.pl<\/h3>\n<div style=\"position: relative; padding-bottom: 66.67%; height: 0; overflow: hidden; max-width: 100%;\"><iframe style=\"position: absolute; top: 0; left: 0; width: 100%; height: 100%;\" src=\"https:\/\/www.youtube.com\/embed\/K-vE5OAucCk?si=JLzY2rTRI6hfs_7x\" frameborder=\"0\" allowfullscreen=\"allowfullscreen\"><\/iframe><\/div>\n<p>&nbsp;<\/p>","protected":false},"featured_media":1486,"comment_status":"open","ping_status":"closed","template":"","meta":[],"product_brand":[],"product_cat":[33],"product_tag":[],"class_list":{"0":"post-1610","1":"product","2":"type-product","3":"status-publish","4":"has-post-thumbnail","6":"product_cat-dla-uczniow-i-studentow","8":"first","9":"instock","10":"sold-individually","11":"shipping-taxable","12":"purchasable","13":"product-type-simple"},"_links":{"self":[{"href":"https:\/\/sintegration.pl\/de\/wp-json\/wp\/v2\/product\/1610","targetHints":{"allow":["GET"]}}],"collection":[{"href":"https:\/\/sintegration.pl\/de\/wp-json\/wp\/v2\/product"}],"about":[{"href":"https:\/\/sintegration.pl\/de\/wp-json\/wp\/v2\/types\/product"}],"replies":[{"embeddable":true,"href":"https:\/\/sintegration.pl\/de\/wp-json\/wp\/v2\/comments?post=1610"}],"wp:featuredmedia":[{"embeddable":true,"href":"https:\/\/sintegration.pl\/de\/wp-json\/wp\/v2\/media\/1486"}],"wp:attachment":[{"href":"https:\/\/sintegration.pl\/de\/wp-json\/wp\/v2\/media?parent=1610"}],"wp:term":[{"taxonomy":"product_brand","embeddable":true,"href":"https:\/\/sintegration.pl\/de\/wp-json\/wp\/v2\/product_brand?post=1610"},{"taxonomy":"product_cat","embeddable":true,"href":"https:\/\/sintegration.pl\/de\/wp-json\/wp\/v2\/product_cat?post=1610"},{"taxonomy":"product_tag","embeddable":true,"href":"https:\/\/sintegration.pl\/de\/wp-json\/wp\/v2\/product_tag?post=1610"}],"curies":[{"name":"wp","href":"https:\/\/api.w.org\/{rel}","templated":true}]}}