{"id":573,"date":"2025-01-23T21:52:45","date_gmt":"2025-01-23T20:52:45","guid":{"rendered":"http:\/\/sintegration.pl\/?page_id=573"},"modified":"2025-03-19T20:42:31","modified_gmt":"2025-03-19T19:42:31","slug":"regulamin-serwisu","status":"publish","type":"page","link":"https:\/\/sintegration.pl\/de\/regulamin-serwisu\/","title":{"rendered":"Website-Bestimmungen"},"content":{"rendered":"<div data-elementor-type=\"wp-page\" data-elementor-id=\"573\" class=\"elementor elementor-573\" data-elementor-post-type=\"page\">\n\t\t\t\t<div class=\"elementor-element elementor-element-f92a18e e-flex e-con-boxed e-con e-parent\" data-id=\"f92a18e\" data-element_type=\"container\" data-e-type=\"container\" data-settings=\"{&quot;background_background&quot;:&quot;classic&quot;}\">\n\t\t\t\t\t<div class=\"e-con-inner\">\n\t\t\t\t<div class=\"elementor-element elementor-element-13266d3 elementor-widget elementor-widget-heading\" data-id=\"13266d3\" data-element_type=\"widget\" data-e-type=\"widget\" data-widget_type=\"heading.default\">\n\t\t\t\t<div class=\"elementor-widget-container\">\n\t\t\t\t\t<h1 class=\"elementor-heading-title elementor-size-default\">Website-Bestimmungen<\/h1>\t\t\t\t<\/div>\n\t\t\t\t<\/div>\n\t\t\t\t\t<\/div>\n\t\t\t\t<\/div>\n\t\t<div class=\"elementor-element elementor-element-248d9f9 e-flex e-con-boxed e-con e-parent\" data-id=\"248d9f9\" data-element_type=\"container\" data-e-type=\"container\">\n\t\t\t\t\t<div class=\"e-con-inner\">\n\t\t\t\t<div class=\"elementor-element elementor-element-f50b0ad elementor-widget elementor-widget-text-editor\" data-id=\"f50b0ad\" data-element_type=\"widget\" data-e-type=\"widget\" data-widget_type=\"text-editor.default\">\n\t\t\t\t<div class=\"elementor-widget-container\">\n\t\t\t\t\t\t\t\t\t<h2 data-pm-slice=\"1 1 []\">Nutzungsbedingungen der Website<\/h2><h3>\u00a71 Allgemeine Bestimmungen<\/h3><ol start=\"1\" data-spread=\"false\"><li><p>Die Website wird vom Administrator betrieben \u2013 der Firma S INTEGRATION SZYMON KLEPACZ mit Sitz in ul. Go\u0142\u0119bia 15, 42-700 Lubliniec, Steuernummer (NIP): 5751906040.<\/p><\/li><li><p>Serwis umo\u017cliwia dost\u0119p do kurs\u00f3w elektronicznych, w szczeg\u00f3lno\u015bci z zakresu marki osobistej, automatyki przemys\u0142owej, programowania sterownik\u00f3w PLC oraz pokrewnych technologii.<\/p><\/li><li><p>Benutzer (Sie) \u2013 jede nat\u00fcrliche Person, die die Website sowie die im Rahmen der Website angebotenen Dienstleistungen nutzt.<\/p><\/li><\/ol><h3>\u00a72 Bedingungen der Leistungserbringung<\/h3><ol start=\"1\" data-spread=\"false\"><li><p>Der Zugang zu den auf der Website angebotenen Kursen erfordert die Registrierung des Benutzers sowie die Annahme dieser Nutzungsbedingungen.<\/p><\/li><li><p>Kurse werden ausschlie\u00dflich elektronisch bereitgestellt.<\/p><\/li><li><p>Gekaufte Kurse sind digitaler Natur. Dementsprechend besteht nach Erhalt des Zugangs zum Kurs kein Recht auf R\u00fcckgabe der Ware oder auf R\u00fccktritt vom Vertrag.<\/p><\/li><li>Kursy b\u0119d\u0105 dost\u0119pne na naszej platformie online, do kt\u00f3rej otrzymasz dost\u0119p po zakupie kursu.\u00a0<\/li><\/ol><h3>\u00a73 Personenbezogene Daten<\/h3><ol start=\"1\" data-spread=\"false\"><li><p>Der Administrator verarbeitet personenbezogene Daten gem\u00e4\u00df der auf der Website verf\u00fcgbaren Datenschutzrichtlinie.<\/p><\/li><li><p>Personenbezogene Daten werden zum Zwecke der Dienstleistungserbringung, der Bearbeitung von Anfragen und der Durchf\u00fchrung von Marketingaktivit\u00e4ten gem\u00e4\u00df der DSGVO verarbeitet.<\/p><\/li><\/ol><h3>\u00a74 Zahlungen<\/h3><ol start=\"1\" data-spread=\"false\"><li><p>Die Kurspreise sind auf der Website angegeben und sind Bruttopreise.<\/p><\/li><li><p>Die Zahlung erfolgt \u00fcber die auf der Website bereitgestellten elektronischen Zahlungssysteme oder auf Grundlage einer Mehrwertsteuerrechnung im Falle eines B2B-Vertrags.<\/p><\/li><\/ol><h3>\u00a74 Urheberrechte<\/h3><ol start=\"1\" data-spread=\"false\"><li><p>Alle im Rahmen der Kurse verf\u00fcgbaren Materialien sind urheberrechtlich gesch\u00fctzt und Eigentum des Administrators.<\/p><\/li><li><p>Das Kopieren, die Verbreitung oder die Bereitstellung der Materialien an Dritte ohne Zustimmung des Administrators ist untersagt.<\/p><\/li><\/ol><h3>\u00a75 Reklamationen<\/h3><ol start=\"1\" data-spread=\"false\"><li><p>Reklamacje dotycz\u0105ce dzia\u0142ania Serwisu nale\u017cy zg\u0142asza\u0107 pisemnie na adres e-mail: office@sintegration.pl.<\/p><\/li><li><p>Reklamationen werden innerhalb von 14 Tagen ab dem Datum ihres Eingangs bearbeitet.<\/p><\/li><\/ol><h3>\u00a76 Schlussbestimmungen<\/h3><ol start=\"1\" data-spread=\"false\"><li><p>Der Administrator beh\u00e4lt sich das Recht vor, diese Nutzungsbedingungen zu \u00e4ndern. Jede \u00c4nderung tritt mit der Ver\u00f6ffentlichung auf der Website in Kraft.<\/p><\/li><li><p>Die Nutzung der Website bedeutet die Akzeptanz dieser Nutzungsbedingungen sowie der Datenschutzrichtlinie.<\/p><\/li><li><p>Alle Streitigkeiten werden durch das zust\u00e4ndige Gericht am Sitz des Administrators entschieden.<\/p><\/li><\/ol><h3>\u00a76 Kontakt<\/h3><p>W razie jakichkolwiek pyta\u0144 dotycz\u0105cych Regulaminu lub Polityki prywatno\u015bci, skontaktuj si\u0119 z nami za po\u015brednictwem adresu e-mail: office@sintegration.pl lub pisemnie na adres Administratora.<\/p>\t\t\t\t\t\t\t\t<\/div>\n\t\t\t\t<\/div>\n\t\t\t\t\t<\/div>\n\t\t\t\t<\/div>\n\t\t\t\t<\/div>","protected":false},"excerpt":{"rendered":"<p>Regulamin serwisu Regulamin Serwisu \u00a71 Postanowienia og\u00f3lne Serwis internetowy prowadzony jest przez Administratora \u2013 firm\u0119 S INTEGRATION SZYMON KLEPACZ z siedzib\u0105 przy ul. Go\u0142\u0119bia 15, 42-700 Lubliniec, NIP: 5751906040. Serwis umo\u017cliwia dost\u0119p do kurs\u00f3w elektronicznych, w szczeg\u00f3lno\u015bci z zakresu marki osobistej, automatyki przemys\u0142owej, programowania sterownik\u00f3w PLC oraz pokrewnych technologii. U\u017cytkownik (Ty) \u2013 ka\u017cda osoba fizyczna [&hellip;]<\/p>","protected":false},"author":1,"featured_media":0,"parent":0,"menu_order":0,"comment_status":"closed","ping_status":"closed","template":"","meta":{"footnotes":""},"class_list":["post-573","page","type-page","status-publish","hentry"],"_links":{"self":[{"href":"https:\/\/sintegration.pl\/de\/wp-json\/wp\/v2\/pages\/573","targetHints":{"allow":["GET"]}}],"collection":[{"href":"https:\/\/sintegration.pl\/de\/wp-json\/wp\/v2\/pages"}],"about":[{"href":"https:\/\/sintegration.pl\/de\/wp-json\/wp\/v2\/types\/page"}],"author":[{"embeddable":true,"href":"https:\/\/sintegration.pl\/de\/wp-json\/wp\/v2\/users\/1"}],"replies":[{"embeddable":true,"href":"https:\/\/sintegration.pl\/de\/wp-json\/wp\/v2\/comments?post=573"}],"version-history":[{"count":22,"href":"https:\/\/sintegration.pl\/de\/wp-json\/wp\/v2\/pages\/573\/revisions"}],"predecessor-version":[{"id":1632,"href":"https:\/\/sintegration.pl\/de\/wp-json\/wp\/v2\/pages\/573\/revisions\/1632"}],"wp:attachment":[{"href":"https:\/\/sintegration.pl\/de\/wp-json\/wp\/v2\/media?parent=573"}],"curies":[{"name":"wp","href":"https:\/\/api.w.org\/{rel}","templated":true}]}}