{"id":565,"date":"2025-01-23T21:51:25","date_gmt":"2025-01-23T20:51:25","guid":{"rendered":"http:\/\/sintegration.pl\/?page_id=565"},"modified":"2025-03-19T20:51:12","modified_gmt":"2025-03-19T19:51:12","slug":"polityka-prywatnosci","status":"publish","type":"page","link":"https:\/\/sintegration.pl\/de\/polityka-prywatnosci\/","title":{"rendered":"Datenschutzrichtlinie"},"content":{"rendered":"<div data-elementor-type=\"wp-page\" data-elementor-id=\"565\" class=\"elementor elementor-565\" data-elementor-post-type=\"page\">\n\t\t\t\t<div class=\"elementor-element elementor-element-59412cc e-flex e-con-boxed e-con e-parent\" data-id=\"59412cc\" data-element_type=\"container\" data-e-type=\"container\" data-settings=\"{&quot;background_background&quot;:&quot;classic&quot;}\">\n\t\t\t\t\t<div class=\"e-con-inner\">\n\t\t\t\t<div class=\"elementor-element elementor-element-d6cbef6 elementor-widget elementor-widget-heading\" data-id=\"d6cbef6\" data-element_type=\"widget\" data-e-type=\"widget\" data-widget_type=\"heading.default\">\n\t\t\t\t<div class=\"elementor-widget-container\">\n\t\t\t\t\t<h1 class=\"elementor-heading-title elementor-size-default\">Datenschutzrichtlinie<\/h1>\t\t\t\t<\/div>\n\t\t\t\t<\/div>\n\t\t\t\t\t<\/div>\n\t\t\t\t<\/div>\n\t\t<div class=\"elementor-element elementor-element-3fbe1a2 e-flex e-con-boxed e-con e-parent\" data-id=\"3fbe1a2\" data-element_type=\"container\" data-e-type=\"container\">\n\t\t\t\t\t<div class=\"e-con-inner\">\n\t\t\t\t<div class=\"elementor-element elementor-element-6c1742d elementor-widget elementor-widget-text-editor\" data-id=\"6c1742d\" data-element_type=\"widget\" data-e-type=\"widget\" data-widget_type=\"text-editor.default\">\n\t\t\t\t<div class=\"elementor-widget-container\">\n\t\t\t\t\t\t\t\t\t<p><strong>Definitionen<\/strong><\/p>\n<ol role=\"list\">\n<li>Administrator (My) \u2013 firma S INTEGRATION SZYMON KLEPACZ z siedzib\u0105 przy ul. GO\u0141\u0118BIA 15, 42-700 Lubliniec NIP: 5751906040<\/li>\n<li>Personenbezogene Daten \u2013 alle Informationen \u00fcber eine nat\u00fcrliche Person, die durch einen oder mehrere spezifische Faktoren identifiziert oder identifizierbar sind, die ihre physische, physiologische, genetische, mentale, wirtschaftliche, kulturelle oder soziale Identit\u00e4t bestimmen, einschlie\u00dflich Ger\u00e4te-IP, Standortdaten, Online-Kennung und Informationen, die \u00fcber Cookies und andere \u00e4hnliche Technologien gesammelt werden.<\/li>\n<li>Richtlinie \u2013 \u200b\u200bdiese Datenschutzrichtlinie.<\/li>\n<li>DSGVO \u2013 Verordnung (EU) 2016\/679 des Europ\u00e4ischen Parlaments und des Rates vom 27. April 2016 zum Schutz nat\u00fcrlicher Personen bei der Verarbeitung personenbezogener Daten, zum freien Datenverkehr und zur Aufhebung der Richtlinie 95\/46\/EG.<\/li>\n<li>Serwis \u2013 serwis internetowy prowadzony przez nas pod adresem www.sintegration.pl<\/li>\n<li>Benutzer (Sie) \u2013 jede nat\u00fcrliche Person, die die Website besucht oder einen oder mehrere in der Richtlinie beschriebene Dienste oder Funktionen nutzt<\/li>\n<\/ol>\n<p>\u200d<strong><br>Datenverarbeitung im Zusammenhang mit der Nutzung der Website<\/strong><\/p>\n<p>Im Zusammenhang mit Ihrer Nutzung der Website erheben wir Ihre Daten, soweit dies zur Erbringung der einzelnen angebotenen Leistungen erforderlich ist, sowie Informationen \u00fcber Ihre Aktivit\u00e4t auf der Website. Detaillierte Grunds\u00e4tze und Zwecke der Verarbeitung personenbezogener Daten, die bei Ihrer Nutzung der Website erhoben werden, werden im Folgenden beschrieben.<\/p>\n<p>\u200d<strong><br>Nutzung der Website<\/strong><\/p>\n<ol role=\"list\">\n<li>Przetwarzamy dane osobowe wszystkich os\u00f3b korzystaj\u0105cych z Serwisu (w tym: imi\u0119, adres email) , adres IP lub inne identyfikatory oraz informacje gromadzone za po\u015brednictwem plik\u00f3w cookies lub innych podobnych technologii), a nieb\u0119d\u0105cych zarejestrowanymi U\u017cytkownikami (tj. osoby nieposiadaj\u0105ce profilu w Serwisie) w nast\u0119puj\u0105cych celach: w celu \u015bwiadczenia us\u0142ug drog\u0105 elektroniczn\u0105 w zakresie udost\u0119pniana U\u017cytkownikom tre\u015bci gromadzonych w Serwisie \u2013 w\u00f3wczas podstaw\u0105 prawn\u0105 przetwarzania jest niezb\u0119dno\u015b\u0107 przetwarzania do wykonania umowy (art. 6 ust. 1 lit b RODO); w celach analitycznych i statystycznych \u2013 w\u00f3wczas podstaw\u0105 prawn\u0105 przetwarzania jest nasz uzasadniony interes (art. 6 ust. 1 lit f RODO) polegaj\u0105cy na prowadzeniu analiz aktywno\u015bci U\u017cytkownik\u00f3w, a tak\u017ce ich preferencji w celu poprawy stosowanych funkcjonalno\u015bci i \u015bwiadczonych us\u0142ug; w celu ewentualnego ustalenia i dochodzenia roszcze\u0144 lub obrony przed nimi \u2013 podstaw\u0105 prawn\u0105 przetwarzania jest nasz uzasadniony interes (art. 6 ust. 1 lit f RODO) polegaj\u0105cy na ochronie naszych praw;<\/li>\n<li>W celach marketingowych (naszych oraz naszych partner\u00f3w), w szczeg\u00f3lno\u015bci zwi\u0105zanych z prezentowaniem reklamy behawioralnej \u2013 zasady przetwarzania danych osobowych w celach marketingowych zosta\u0142y opisane w sekcji \u201eMARKETING\u201d.<\/li>\n<li>Ihre Aktivit\u00e4ten auf der Website, einschlie\u00dflich Ihrer pers\u00f6nlichen Daten, werden in Systemprotokollen aufgezeichnet. Die in den Protokollen erfassten Informationen werden in erster Linie zu Zwecken im Zusammenhang mit der Erbringung von Dienstleistungen verarbeitet. Dar\u00fcber hinaus verarbeiten wir sie zu technischen und administrativen Zwecken, zur Gew\u00e4hrleistung der Sicherheit des IT-Systems und zur Verwaltung dieses Systems sowie zu Analyse- und Statistikzwecken \u2013 Rechtsgrundlage der Verarbeitung ist insoweit unser berechtigtes Interesse (Art. 6 Abs. 1 lit. f DSGVO).<\/li>\n<\/ol>\n<p>\u200d<strong><br>Kontaktformulare<\/strong><\/p>\n<ol role=\"list\">\n<li>Wir bieten auf der Website die M\u00f6glichkeit, mit uns \u00fcber elektronische Kontaktformulare in Kontakt zu treten. F\u00fcr die Nutzung des Formulars ist die Angabe Ihrer personenbezogenen Daten erforderlich, die f\u00fcr die Kontaktaufnahme und Beantwortung Ihrer Frage erforderlich sind. Dar\u00fcber hinaus k\u00f6nnen Sie im Formular auch weitere Daten angeben, die uns die Kontaktaufnahme bzw. Bearbeitung Ihrer Anfrage erleichtern. Die Angabe der als Pflichtfelder gekennzeichneten Daten ist f\u00fcr die Annahme und Bearbeitung Ihrer Anfrage erforderlich, eine Nichtbereitstellung hat zur Folge, dass wir Ihre Anfrage nicht bearbeiten k\u00f6nnen. Die Angabe weiterer Daten ist freiwillig.<\/li>\n<li>Dane osobowe, kt\u00f3re prze\u015blesz nam za pomoc\u0105 formularza kontaktowego s\u0105 przetwarzane: w celu identyfikacji Ciebie jako nadawcy oraz obs\u0142ugi Twojego zapytania przes\u0142anego przez udost\u0119pniony formularz \u2013 podstaw\u0105 prawn\u0105 przetwarzania jest niezb\u0119dno\u015b\u0107 przetwarzania do wykonania umowy o \u015bwiadczenie us\u0142ugi (art. 6 ust. 1 lit b RODO); w celach analitycznych i statystycznych \u2013 podstaw\u0105 prawn\u0105 przetwarzania jest nasz uzasadniony interes (art. 6 ust. 1 lit f RODO) polegaj\u0105cy na prowadzeniu statystyk zapyta\u0144 zg\u0142aszanych przez U\u017cytkownik\u00f3w za po\u015brednictwem Serwisu w celu doskonalenia jego funkcjonalno\u015bci.<\/li>\n<\/ol>\n<p>\u200d<strong><br>Marketing<\/strong><\/p>\n<ol role=\"list\">\n<li>Przetwarzamy Twoje dane osobowe w celu realizowania dzia\u0142a\u0144 marketingowych, kt\u00f3re mog\u0105 polega\u0107 na: wy\u015bwietlaniu tre\u015bci marketingowych, kt\u00f3re nie s\u0105 dostosowane do Twoich preferencji (reklama kontekstowa); wy\u015bwietlaniu tre\u015bci marketingowych odpowiadaj\u0105cych Twoim zainteresowaniom (reklama behawioralna); kierowaniu e-mailowych powiadomie\u0144 o interesuj\u0105cych ofertach lub tre\u015bciach, kt\u00f3re w niekt\u00f3rych przypadkach zawieraj\u0105 informacje handlowe (us\u0142uga newslettera) prowadzenie innego rodzaju dzia\u0142a\u0144 zwi\u0105zanych z marketingiem bezpo\u015brednim towar\u00f3w i us\u0142ug (przesy\u0142anie informacji handlowych drog\u0105 elektroniczn\u0105 oraz dzia\u0142ania telemarketingowe).<\/li>\n<li>Zur Durchf\u00fchrung von Marketingaktivit\u00e4ten nutzen wir in manchen F\u00e4llen Profiling (sofern Sie dem zustimmen). Das bedeutet, dass wir mittels automatischer Datenverarbeitung ausgew\u00e4hlte Faktoren nat\u00fcrlicher Personen auswerten, um deren Verhalten zu analysieren oder eine Prognose f\u00fcr die Zukunft zu erstellen.<\/li>\n<\/ol>\n<p>\u200d<strong><br>Direktmarketing<\/strong><\/p>\n<p>Ihre personenbezogenen Daten k\u00f6nnen von uns auch dazu verwendet werden, Ihnen Marketinginhalte \u00fcber verschiedene Kan\u00e4le zuzusenden, z. B. per E-Mail, MMS\/SMS oder per Telefon. Wir ergreifen solche Ma\u00dfnahmen nur, wenn Sie uns Ihre Einwilligung erteilt haben, die Sie jederzeit widerrufen k\u00f6nnen.<\/p>\n<p>\u200d<strong><br>Social-Networking-Sites<\/strong><\/p>\n<p>Wir verarbeiten Ihre personenbezogenen Daten, wenn Sie unsere Profile in sozialen Medien (Facebook, YouTube, Instagram, Twitter) besuchen. Diese Daten werden nur im Zusammenhang mit der Pflege des Profils verarbeitet, unter anderem um Sie \u00fcber unsere Aktivit\u00e4ten zu informieren und verschiedene Arten von Veranstaltungen, Dienstleistungen und Produkten zu bewerben. Rechtsgrundlage f\u00fcr die Verarbeitung personenbezogener Daten zu diesem Zweck ist unser berechtigtes Interesse (Art. 6 Abs. 1 lit. f DSGVO) an der F\u00f6rderung unserer eigenen Marke.<\/p>\n<p>\u200d<strong><br>Cookies und \u00e4hnliche Technologien<\/strong><\/p>\n<p>Cookies sind kleine Textdateien, die auf Ihrem Ger\u00e4t installiert werden, wenn Sie auf der Website surfen. Cookies sammeln Informationen, die die Nutzung der Website erleichtern \u2013 z. B. indem sie sich an Ihre Besuche auf der Website und die von Ihnen durchgef\u00fchrten Aktivit\u00e4ten erinnern. Wir k\u00f6nnen auf der Website die folgenden Arten von Cookies verwenden<\/p>\n<p>\u200d<\/p>\n<p>\u201eService\u201c-Cookies<\/p>\n<ol role=\"list\">\n<li>Wykorzystujemy tzw. cookies serwisowe przede wszystkim w celu dostarczania Ci us\u0142ug \u015bwiadczonych drog\u0105 elektroniczn\u0105 oraz poprawy jako\u015bci tych us\u0142ug. W zwi\u0105zku z tym my oraz inne podmioty \u015bwiadcz\u0105ce na nasz\u0105 rzecz us\u0142ugi analityczne i statystyczne korzystaj\u0105 z plik\u00f3w cookies, przechowuj\u0105c informacje lub uzyskuj\u0105c dost\u0119p do informacji ju\u017c przechowywanych w Twoim telekomunikacyjnym urz\u0105dzeniu ko\u0144cowym (komputer, telefon, tablet itp.). Pliki cookies wykorzystywane w tym celu obejmuj\u0105: pliki cookies z danymi wprowadzanymi przez Ciebie (identyfikator sesji) na czas trwania sesji (ang. user input cookies); uwierzytelniaj\u0105ce pliki cookies wykorzystywane do us\u0142ug wymagaj\u0105cych uwierzytelniania na czas trwania sesji (ang. authentication cookies); pliki cookies s\u0142u\u017c\u0105ce do zapewnienia bezpiecze\u0144stwa, np. wykorzystywane do wykrywania nadu\u017cy\u0107 w zakresie uwierzytelniania (ang. user centric security cookies); sesyjne pliki cookies odtwarzaczy multimedialnych (np. pliki cookies odtwarzacza flash), na czas trwania sesji (ang. multimedia player session cookies); trwa\u0142e pliki cookies s\u0142u\u017c\u0105ce do personalizacji interfejsu U\u017cytkownika na czas trwania sesji lub nieco d\u0142u\u017cej (ang. user interface customization cookies), pliki cookies s\u0142u\u017c\u0105ce do monitorowania ruchu na stronie internetowej, tj. analityki danych, w tym cookies Google Analytics (s\u0105 to pliki wykorzystywane przez sp\u00f3\u0142k\u0119 Google w celu analizy w jaki spos\u00f3w korzystasz z Serwisu, do tworzenia statystyk i raport\u00f3w dotycz\u0105cych funkcjonowania Serwisu). Google nie wykorzystuje zebranych danych do identyfikacji U\u017cytkownika ani nie \u0142\u0105czy tych informacji w celu umo\u017cliwienia identyfikacji. Szczeg\u00f3\u0142owe informacje o zakresie i zasadach zbierania danych w zwi\u0105zku z t\u0105 us\u0142ug\u0105 mo\u017cna znale\u017a\u0107 pod linkiem: https:\/\/www.google.com\/intl\/pl\/policies\/privacy\/partners.<\/li>\n<\/ol>\n<p><br>\u201eMarketing\u201c-Cookies<\/p>\n<ol role=\"list\">\n<li>Wir und unsere vertrauensw\u00fcrdigen Partner verwenden Cookies auch f\u00fcr Marketingzwecke, darunter: im Zusammenhang mit der gezielten Ausrichtung verhaltensbezogener Werbung auf Sie. Zu diesem Zweck speichern wir und unsere vertrauensw\u00fcrdigen Partner Informationen oder greifen auf bereits gespeicherte Informationen auf Ihrem Telekommunikationsendger\u00e4t (Computer, Telefon, Tablet usw.) zu. Die Verwendung von Cookies und den damit erhobenen personenbezogenen Daten zu Marketingzwecken, insbesondere zur Bewerbung von Dienstleistungen und Waren Dritter, bedarf Ihrer Einwilligung, die jederzeit widerrufen werden kann.<\/li>\n<\/ol>\n<p><br>Cookie-Verwaltung<\/p>\n<ol role=\"list\">\n<li>Wenn Sie keine Cookies erhalten m\u00f6chten, k\u00f6nnen Sie Ihre Browsereinstellungen \u00e4ndern. Wir behalten uns vor, dass die Deaktivierung von Cookies, die f\u00fcr Authentifizierungsprozesse, Sicherheit und die Aufrechterhaltung der Benutzereinstellungen erforderlich sind, die Nutzung der Website erschweren kann.<\/li>\n<li>W celu zarz\u0105dzania ustawienia cookies wybierz z listy poni\u017cej przegl\u0105dark\u0119 internetow\u0105, kt\u00f3rej u\u017cywasz i post\u0119puj zgodnie z instrukcjami: Edge, Internet Explorer, Chrome, Safari, Firefox, Opera.<\/li>\n<li>Urz\u0105dzenia mobilne: Android, Safari (iOS), Windows Phone<\/li>\n<\/ol>\n<p>\u200d<strong><br>Wichtige Marketingtechniken<\/strong><\/p>\n<ol role=\"list\">\n<li>Wir nutzen die statistische Analyse des Website-Verkehrs \u00fcber Google Analytics (Google Inc. mit Sitz in den USA). Wir \u00fcbermitteln an den Betreiber dieses Dienstes keine personenbezogenen Daten, sondern lediglich anonymisierte Informationen. Der Dienst basiert auf der Verwendung von Cookies auf Ihrem Endbenutzerger\u00e4t. Was die vom Google-Werbenetzwerk gesammelten Informationen \u00fcber Benutzerpr\u00e4ferenzen betrifft, kann der Benutzer die aus Cookies resultierenden Informationen mithilfe des Tools anzeigen und bearbeiten:&nbsp;<a href=\"https:\/\/www.google.com\/ads\/preferences\/\">https:\/\/www.google.com\/ads\/preferences\/<\/a><\/li>\n<li>Wir verwenden auf der Website das Facebook-Pixel. Durch diese Technologie kann Facebook (Facebook Inc. mit Sitz in den USA) erkennen, dass eine bestimmte dort registrierte Person die Website nutzt. In diesem Fall basiert es auf Daten, f\u00fcr die es der Administrator ist. Wir \u00fcbermitteln keine Ihrer dar\u00fcber hinausgehenden personenbezogenen Daten an Facebook. Der Dienst basiert auf der Verwendung von Cookies auf Ihrem Endger\u00e4t.<\/li>\n<li>Zweck und Umfang der Datenerhebung und deren weitere Verarbeitung und Nutzung durch die Dienstleister sowie die Kontaktm\u00f6glichkeit und die diesbez\u00fcglichen Rechte des Nutzers entnehmen Sie bitte den Datenschutzhinweisen der Dienstleister: Wir d\u00fcrfen nutzen<br><a href=\"https:\/\/www.facebook.com\/policy.php\" style=\"text-align: var(--text-align);\">https:\/\/www.facebook.com\/policy.php<\/a><br><a href=\"https:\/\/policies.google.com\/privacy?hl=pl&amp;gl=ZZ\" style=\"text-align: var(--text-align);\">https:\/\/policies.google.com\/privacy?hl=pl&amp;gl=ZZ<\/a><span style=\"background-color: transparent; color: var( --e-global-color-text ); font-family: var( --e-global-typography-text-font-family ), Sans-serif; font-weight: var( --e-global-typography-text-font-weight ); text-align: var(--text-align);\">.<\/span><\/li>\n<li>Wir verwenden m\u00f6glicherweise Remarketing-Techniken, die es erm\u00f6glichen, Werbebotschaften an Ihr Verhalten auf der Website anzupassen, was den Eindruck erwecken kann, dass Ihre personenbezogenen Daten zur Nachverfolgung verwendet werden. In der Praxis geben wir jedoch keine Ihrer personenbezogenen Daten an Werbebetreiber weiter. Die technische Voraussetzung f\u00fcr solche Aktivit\u00e4ten ist, dass Cookies aktiviert sind.<\/li>\n<\/ol>\n<p>Wir verwenden m\u00f6glicherweise eine L\u00f6sung, die das Benutzerverhalten untersucht, indem wir Heatmaps erstellen und das Verhalten auf der Website aufzeichnen. Diese Informationen werden vor der \u00dcbermittlung an den Dienstbetreiber anonymisiert, so dass dieser nicht wei\u00df, um welche nat\u00fcrliche Person es sich handelt. Insbesondere werden eingegebene Passw\u00f6rter und andere personenbezogene Daten nicht erfasst.<\/p>\n<p>\u200d<strong><br>Ihre Berechtigungen<\/strong><\/p>\n<ol role=\"list\">\n<li>W zwi\u0105zku z tym, \u017ce przetwarzamy Twoje dane osobowe, przys\u0142uguj\u0105 Ci nast\u0119puj\u0105ce prawa: prawo do informacji o przetwarzaniu danych osobowych \u2013 na tej podstawie, na Tw\u00f3j wniosek przeka\u017cemy Ci informacj\u0119 o przetwarzaniu danych, w tym przede wszystkim o celach i podstawach prawnych przetwarzania, zakresie posiadanych danych, podmiotach, kt\u00f3rym s\u0105 ujawniane, i planowanym terminie usuni\u0119cia danych; prawo uzyskania kopii danych \u2013 na tej podstawie, na Tw\u00f3j wniosek przeka\u017cemy Ci kopi\u0119 przetwarzanych danych dotycz\u0105cych osoby zg\u0142aszaj\u0105cej \u017c\u0105danie; prawo do sprostowania \u2013 na Tw\u00f3j wniosek jeste\u015bmy zobowi\u0105zani usuwa\u0107 ewentualne niezgodno\u015bci lub b\u0142\u0119dy przetwarzanych danych osobowych oraz uzupe\u0142nia\u0107 je, je\u015bli s\u0105 niekompletne; prawo do usuni\u0119cia danych \u2013 na tej podstawie mo\u017cesz \u017c\u0105da\u0107 usuni\u0119cia danych, kt\u00f3rych przetwarzanie nie jest ju\u017c niezb\u0119dne do realizowania \u017cadnego z cel\u00f3w, dla kt\u00f3rych zosta\u0142y zebrane; prawo do ograniczenia przetwarzania \u2013 na tej podstawie, na Tw\u00f3j wniosek zaprzestaniemy wykonywania operacji na Twoich danych osobowych \u2013 z wyj\u0105tkiem operacji, na kt\u00f3re wyrazi\u0142e\u015b zgod\u0119 \u2013 oraz ich przechowywania, zgodnie z przyj\u0119tymi zasadami retencji lub dop\u00f3ki nie ustan\u0105 przyczyny ograniczenia przetwarzania danych; prawo do przenoszenia danych \u2013 na tej podstawie \u2013 w zakresie, w jakim Twoje dane s\u0105 przetwarzane w zwi\u0105zku z zawart\u0105 umow\u0105 lub wyra\u017con\u0105 zgod\u0105 \u2013 wydamy Ci dostarczone przez Ciebie dane w formacie pozwalaj\u0105cym na ich odczyt przez komputer. Mo\u017cesz tak\u017ce za\u017c\u0105da\u0107, aby\u015bmy przes\u0142ali te dane innemu podmiotowi \u2013 jednak pod warunkiem, \u017ce mamy do tego odpowiednie mo\u017cliwo\u015bci techniczne. prawo sprzeciwu wobec przetwarzania danych w celach marketingowych \u2013 mo\u017cesz w ka\u017cdym momencie sprzeciwi\u0107 si\u0119 przetwarzaniu danych osobowych w celach marketingowych, bez konieczno\u015bci uzasadnienia takiego sprzeciwu; prawo sprzeciwu wobec innych cel\u00f3w przetwarzania danych \u2013 Mo\u017cesz w ka\u017cdym momencie sprzeciwi\u0107 si\u0119 przetwarzaniu danych osobowych, kt\u00f3re odbywa si\u0119 na podstawie naszego uzasadnionego interesu (np. dla cel\u00f3w analitycznych lub statystycznych albo ze wzgl\u0119d\u00f3w zwi\u0105zanych z ochron\u0105 mienia); sprzeciw w tym zakresie powinien zawiera\u0107 uzasadnienie; prawo wycofania zgody \u2013 je\u015bli dane przetwarzane s\u0105 na podstawie Twojej zgody, masz prawo j\u0105 wycofa\u0107 w dowolnym momencie, co jednak nie wp\u0142ywa na zgodno\u015b\u0107 z prawem przetwarzania dokonanego przed wycofaniem zgody. Prawo do skargi \u2013 je\u017celi uznasz, \u017ce spos\u00f3b w jaki przetwarzamy Twoje dane osobowe narusza przepisy RODO lub inne przepisy dotycz\u0105ce ochrony danych osobowych, mo\u017cesz z\u0142o\u017cy\u0107 skarg\u0119 do Prezesa Urz\u0119du Ochrony Danych Osobowych.<\/li>\n<\/ol>\n<p>\u200d<strong><br>Sicherheit personenbezogener Daten<\/strong><\/p>\n<ol role=\"list\">\n<li>Bitte beachten Sie, dass wir alle Schritte unternehmen, um sicherzustellen, dass Ihre personenbezogenen Daten auf sichere Weise verarbeitet werden. Dabei stellen wir vor allem sicher, dass nur autorisierte Personen Zugriff auf Ihre Daten haben, und zwar nur in dem Umfang, der f\u00fcr die von ihnen ausgef\u00fchrten Aufgaben erforderlich ist.<\/li>\n<li>Wir ergreifen alle erforderlichen Ma\u00dfnahmen, um sicherzustellen, dass unsere Subunternehmer und andere kooperierende Unternehmen die Anwendung angemessener Sicherheitsma\u00dfnahmen gew\u00e4hrleisten, wenn sie Ihre personenbezogenen Daten in unserem Namen verarbeiten.<\/li>\n<li>Kursy b\u0119d\u0105 dost\u0119pne na naszej platformie online, do kt\u00f3rej otrzymasz dost\u0119p po zakupie kursu.<\/li>\n<\/ol>\n<p>\u200d<strong><br>Kontaktdaten<\/strong><\/p>\n<p>In allen in dieser Richtlinie genannten Angelegenheiten, insbesondere im Zusammenhang mit der Verarbeitung Ihrer personenbezogenen Daten, k\u00f6nnen Sie uns kontaktieren \u00fcber:<\/p>\n<ol role=\"list\">\n<li>e-mail:&nbsp;<a href=\"mailto:office@sintegration.pl\"><strong>office@sintegration.pl<\/strong><\/a><\/li>\n<\/ol>\t\t\t\t\t\t\t\t<\/div>\n\t\t\t\t<\/div>\n\t\t\t\t\t<\/div>\n\t\t\t\t<\/div>\n\t\t\t\t<\/div>","protected":false},"excerpt":{"rendered":"<p>Polityka prywatno\u015bci Definicje Administrator (My) \u2013 firma S INTEGRATION SZYMON KLEPACZ z siedzib\u0105 przy ul. GO\u0141\u0118BIA 15, 42-700 Lubliniec NIP: 5751906040 Dane osobowe \u2013 wszystkie informacje o osobie fizycznej zidentyfikowanej lub mo\u017cliwej do zidentyfikowania poprzez jeden b\u0105d\u017a kilka szczeg\u00f3lnych czynnik\u00f3w okre\u015blaj\u0105cych fizyczn\u0105, fizjologiczn\u0105, genetyczn\u0105, psychiczn\u0105, ekonomiczn\u0105, kulturow\u0105 lub spo\u0142eczn\u0105 to\u017csamo\u015b\u0107, w tym IP urz\u0105dzenia, dane [&hellip;]<\/p>","protected":false},"author":1,"featured_media":0,"parent":0,"menu_order":0,"comment_status":"closed","ping_status":"closed","template":"","meta":{"footnotes":""},"class_list":["post-565","page","type-page","status-publish","hentry"],"_links":{"self":[{"href":"https:\/\/sintegration.pl\/de\/wp-json\/wp\/v2\/pages\/565","targetHints":{"allow":["GET"]}}],"collection":[{"href":"https:\/\/sintegration.pl\/de\/wp-json\/wp\/v2\/pages"}],"about":[{"href":"https:\/\/sintegration.pl\/de\/wp-json\/wp\/v2\/types\/page"}],"author":[{"embeddable":true,"href":"https:\/\/sintegration.pl\/de\/wp-json\/wp\/v2\/users\/1"}],"replies":[{"embeddable":true,"href":"https:\/\/sintegration.pl\/de\/wp-json\/wp\/v2\/comments?post=565"}],"version-history":[{"count":25,"href":"https:\/\/sintegration.pl\/de\/wp-json\/wp\/v2\/pages\/565\/revisions"}],"predecessor-version":[{"id":1641,"href":"https:\/\/sintegration.pl\/de\/wp-json\/wp\/v2\/pages\/565\/revisions\/1641"}],"wp:attachment":[{"href":"https:\/\/sintegration.pl\/de\/wp-json\/wp\/v2\/media?parent=565"}],"curies":[{"name":"wp","href":"https:\/\/api.w.org\/{rel}","templated":true}]}}